{"id":7585,"date":"2025-08-11T11:56:40","date_gmt":"2025-08-11T03:56:40","guid":{"rendered":"https:\/\/dewintech.com\/?post_type=product&#038;p=7585"},"modified":"2025-08-11T11:56:46","modified_gmt":"2025-08-11T03:56:46","slug":"barres-suedoises-entrainement-fonctionnel-barres-de-gymnastique-fabricant-exportateur","status":"publish","type":"product","link":"https:\/\/dewintech.com\/fr\/product\/swedish-wall-bars-functional-training-gymnastics-stall-bars-manufacturer-exporter\/","title":{"rendered":"Barre su\u00e9doise \u2013 Fabricant et exportateur de barres de gymnastique et d'entra\u00eenement fonctionnel"},"content":{"rendered":"<h3 class=\"wp-block-heading\">Sp\u00e9cifications techniques<\/h3>\n\n\n\n<ul class=\"wp-block-list\">\n<li><strong>Mat\u00e9riau :<\/strong> H\u00eatre\/pin\/ch\u00eane massif premium (facultatif)<\/li>\n\n\n\n<li><strong>Options de hauteur :<\/strong> 180 cm\/200 cm\/220 cm (hauteurs personnalis\u00e9es disponibles)<\/li>\n\n\n\n<li><strong>Options de largeur :<\/strong> 80 cm\/90 cm (largeurs personnalis\u00e9es disponibles)<\/li>\n\n\n\n<li><strong>Espacement des barreaux :<\/strong> Standard 16 cm \/ Personnalis\u00e9<\/li>\n\n\n\n<li><strong>Surface :<\/strong> Rev\u00eatement \u00e9cologique ; ponc\u00e9 \u00e0 la main, finition lisse<\/li>\n\n\n\n<li><strong>Charge maximale :<\/strong> Jusqu'\u00e0 150 kg (varie selon le mod\u00e8le)<\/li>\n<\/ul>\n\n\n\n<figure class=\"wp-block-gallery has-nested-images columns-default is-cropped wp-block-gallery-1 is-layout-flex wp-block-gallery-is-layout-flex\">\n<figure class=\"wp-block-image size-large\"><img fetchpriority=\"high\" decoding=\"async\" width=\"800\" height=\"800\" data-id=\"7563\" src=\"https:\/\/dewintech.com\/wp-content\/uploads\/2025\/08\/3.png\" alt=\"\" class=\"wp-image-7563\" srcset=\"https:\/\/dewintech.com\/wp-content\/uploads\/2025\/08\/3.png 800w, https:\/\/dewintech.com\/wp-content\/uploads\/2025\/08\/3-300x300.png 300w, https:\/\/dewintech.com\/wp-content\/uploads\/2025\/08\/3-150x150.png 150w, https:\/\/dewintech.com\/wp-content\/uploads\/2025\/08\/3-768x768.png 768w, https:\/\/dewintech.com\/wp-content\/uploads\/2025\/08\/3-600x600.png 600w, https:\/\/dewintech.com\/wp-content\/uploads\/2025\/08\/3-100x100.png 100w\" sizes=\"(max-width: 800px) 100vw, 800px\" \/><\/figure>\n\n\n\n<figure class=\"wp-block-image size-large\"><img decoding=\"async\" width=\"800\" height=\"800\" data-id=\"7562\" src=\"https:\/\/dewintech.com\/wp-content\/uploads\/2025\/08\/2.png\" alt=\"\" class=\"wp-image-7562\" srcset=\"https:\/\/dewintech.com\/wp-content\/uploads\/2025\/08\/2.png 800w, https:\/\/dewintech.com\/wp-content\/uploads\/2025\/08\/2-300x300.png 300w, https:\/\/dewintech.com\/wp-content\/uploads\/2025\/08\/2-150x150.png 150w, https:\/\/dewintech.com\/wp-content\/uploads\/2025\/08\/2-768x768.png 768w, https:\/\/dewintech.com\/wp-content\/uploads\/2025\/08\/2-600x600.png 600w, https:\/\/dewintech.com\/wp-content\/uploads\/2025\/08\/2-100x100.png 100w\" sizes=\"(max-width: 800px) 100vw, 800px\" \/><\/figure>\n\n\n\n<figure class=\"wp-block-image size-large\"><img decoding=\"async\" width=\"800\" height=\"800\" data-id=\"7565\" src=\"https:\/\/dewintech.com\/wp-content\/uploads\/2025\/08\/5.png\" alt=\"\" class=\"wp-image-7565\" srcset=\"https:\/\/dewintech.com\/wp-content\/uploads\/2025\/08\/5.png 800w, https:\/\/dewintech.com\/wp-content\/uploads\/2025\/08\/5-300x300.png 300w, https:\/\/dewintech.com\/wp-content\/uploads\/2025\/08\/5-150x150.png 150w, https:\/\/dewintech.com\/wp-content\/uploads\/2025\/08\/5-768x768.png 768w, https:\/\/dewintech.com\/wp-content\/uploads\/2025\/08\/5-600x600.png 600w, https:\/\/dewintech.com\/wp-content\/uploads\/2025\/08\/5-100x100.png 100w\" sizes=\"(max-width: 800px) 100vw, 800px\" \/><\/figure>\n<\/figure>\n\n\n\n<h3 class=\"wp-block-heading\">Caract\u00e9ristiques principales<\/h3>\n\n\n\n<ul class=\"wp-block-list\">\n<li><strong>Conception multifonctionnelle :<\/strong> Convient \u00e0 une large gamme d'exercices, y compris les \u00e9tirements, la mobilit\u00e9, la stabilit\u00e9 du tronc, l'entra\u00eenement en force, la gymnastique, la callisth\u00e9nie, le yoga et la r\u00e9\u00e9ducation.<\/li>\n\n\n\n<li><strong>Robuste et s\u00fbr :<\/strong> Fabriqu\u00e9 en bois massif de premi\u00e8re qualit\u00e9, \u00e9cologique, avec une finition lisse pour une adh\u00e9rence et un confort maximum. La construction robuste garantit une capacit\u00e9 de charge \u00e9lev\u00e9e et des performances durables.<\/li>\n\n\n\n<li><strong>Peu encombrant :<\/strong> Se monte directement au mur, \u00e9conomisant un espace pr\u00e9cieux au sol \u2013 id\u00e9al pour les salles de sport \u00e0 domicile compactes et les installations d'entra\u00eenement plus grandes.<\/li>\n\n\n\n<li><strong>Modules extensibles :<\/strong> Des accessoires optionnels tels que des barres de traction, des barres parall\u00e8les et des anneaux de gymnastique peuvent \u00eatre facilement int\u00e9gr\u00e9s pour encore plus de polyvalence d'exercices.<\/li>\n<\/ul>\n\n\n\n<figure class=\"wp-block-image size-full\"><img loading=\"lazy\" decoding=\"async\" width=\"1000\" height=\"965\" src=\"https:\/\/dewintech.com\/wp-content\/uploads\/2025\/08\/H7cfd28a576b84301bb64db3301717f1ai.jpg\" alt=\"\" class=\"wp-image-7572\" srcset=\"https:\/\/dewintech.com\/wp-content\/uploads\/2025\/08\/H7cfd28a576b84301bb64db3301717f1ai.jpg 1000w, https:\/\/dewintech.com\/wp-content\/uploads\/2025\/08\/H7cfd28a576b84301bb64db3301717f1ai-300x290.jpg 300w, https:\/\/dewintech.com\/wp-content\/uploads\/2025\/08\/H7cfd28a576b84301bb64db3301717f1ai-768x741.jpg 768w, https:\/\/dewintech.com\/wp-content\/uploads\/2025\/08\/H7cfd28a576b84301bb64db3301717f1ai-600x579.jpg 600w\" sizes=\"(max-width: 1000px) 100vw, 1000px\" \/><\/figure>\n\n\n\n<figure class=\"wp-block-image size-full\"><img loading=\"lazy\" decoding=\"async\" width=\"960\" height=\"960\" src=\"https:\/\/dewintech.com\/wp-content\/uploads\/2025\/08\/Had8626a2247d4f9b8b741eeb8e761147p.png\" alt=\"\" class=\"wp-image-7545\" srcset=\"https:\/\/dewintech.com\/wp-content\/uploads\/2025\/08\/Had8626a2247d4f9b8b741eeb8e761147p.png 960w, https:\/\/dewintech.com\/wp-content\/uploads\/2025\/08\/Had8626a2247d4f9b8b741eeb8e761147p-300x300.png 300w, https:\/\/dewintech.com\/wp-content\/uploads\/2025\/08\/Had8626a2247d4f9b8b741eeb8e761147p-150x150.png 150w, https:\/\/dewintech.com\/wp-content\/uploads\/2025\/08\/Had8626a2247d4f9b8b741eeb8e761147p-768x768.png 768w, https:\/\/dewintech.com\/wp-content\/uploads\/2025\/08\/Had8626a2247d4f9b8b741eeb8e761147p-600x600.png 600w, https:\/\/dewintech.com\/wp-content\/uploads\/2025\/08\/Had8626a2247d4f9b8b741eeb8e761147p-100x100.png 100w\" sizes=\"(max-width: 960px) 100vw, 960px\" \/><\/figure>\n\n\n\n<figure class=\"wp-block-image size-full\"><img loading=\"lazy\" decoding=\"async\" width=\"790\" height=\"790\" src=\"https:\/\/dewintech.com\/wp-content\/uploads\/2025\/08\/Hbc07c33a2f9b4f4ca6020296c53374b9H.jpg\" alt=\"\" class=\"wp-image-7570\" srcset=\"https:\/\/dewintech.com\/wp-content\/uploads\/2025\/08\/Hbc07c33a2f9b4f4ca6020296c53374b9H.jpg 790w, https:\/\/dewintech.com\/wp-content\/uploads\/2025\/08\/Hbc07c33a2f9b4f4ca6020296c53374b9H-300x300.jpg 300w, https:\/\/dewintech.com\/wp-content\/uploads\/2025\/08\/Hbc07c33a2f9b4f4ca6020296c53374b9H-150x150.jpg 150w, https:\/\/dewintech.com\/wp-content\/uploads\/2025\/08\/Hbc07c33a2f9b4f4ca6020296c53374b9H-768x768.jpg 768w, https:\/\/dewintech.com\/wp-content\/uploads\/2025\/08\/Hbc07c33a2f9b4f4ca6020296c53374b9H-600x600.jpg 600w, https:\/\/dewintech.com\/wp-content\/uploads\/2025\/08\/Hbc07c33a2f9b4f4ca6020296c53374b9H-100x100.jpg 100w\" sizes=\"(max-width: 790px) 100vw, 790px\" \/><\/figure>\n\n\n\n<figure class=\"wp-block-gallery has-nested-images columns-default is-cropped wp-block-gallery-2 is-layout-flex wp-block-gallery-is-layout-flex\">\n<figure class=\"wp-block-image size-large\"><img loading=\"lazy\" decoding=\"async\" width=\"1000\" height=\"1000\" data-id=\"7551\" src=\"https:\/\/dewintech.com\/wp-content\/uploads\/2025\/08\/Hd16dfd2192ec43ea9a5e280247222fa7D.jpg\" alt=\"\" class=\"wp-image-7551\" srcset=\"https:\/\/dewintech.com\/wp-content\/uploads\/2025\/08\/Hd16dfd2192ec43ea9a5e280247222fa7D.jpg 1000w, https:\/\/dewintech.com\/wp-content\/uploads\/2025\/08\/Hd16dfd2192ec43ea9a5e280247222fa7D-300x300.jpg 300w, https:\/\/dewintech.com\/wp-content\/uploads\/2025\/08\/Hd16dfd2192ec43ea9a5e280247222fa7D-150x150.jpg 150w, https:\/\/dewintech.com\/wp-content\/uploads\/2025\/08\/Hd16dfd2192ec43ea9a5e280247222fa7D-768x768.jpg 768w, https:\/\/dewintech.com\/wp-content\/uploads\/2025\/08\/Hd16dfd2192ec43ea9a5e280247222fa7D-600x600.jpg 600w, https:\/\/dewintech.com\/wp-content\/uploads\/2025\/08\/Hd16dfd2192ec43ea9a5e280247222fa7D-100x100.jpg 100w\" sizes=\"(max-width: 1000px) 100vw, 1000px\" \/><\/figure>\n\n\n\n<figure class=\"wp-block-image size-large\"><img loading=\"lazy\" decoding=\"async\" width=\"1000\" height=\"1000\" data-id=\"7550\" src=\"https:\/\/dewintech.com\/wp-content\/uploads\/2025\/08\/H1e73cc3f4489434887c1a95b927244dbF.jpg\" alt=\"\" class=\"wp-image-7550\" srcset=\"https:\/\/dewintech.com\/wp-content\/uploads\/2025\/08\/H1e73cc3f4489434887c1a95b927244dbF.jpg 1000w, https:\/\/dewintech.com\/wp-content\/uploads\/2025\/08\/H1e73cc3f4489434887c1a95b927244dbF-300x300.jpg 300w, https:\/\/dewintech.com\/wp-content\/uploads\/2025\/08\/H1e73cc3f4489434887c1a95b927244dbF-150x150.jpg 150w, https:\/\/dewintech.com\/wp-content\/uploads\/2025\/08\/H1e73cc3f4489434887c1a95b927244dbF-768x768.jpg 768w, https:\/\/dewintech.com\/wp-content\/uploads\/2025\/08\/H1e73cc3f4489434887c1a95b927244dbF-600x600.jpg 600w, https:\/\/dewintech.com\/wp-content\/uploads\/2025\/08\/H1e73cc3f4489434887c1a95b927244dbF-100x100.jpg 100w\" sizes=\"(max-width: 1000px) 100vw, 1000px\" \/><\/figure>\n\n\n\n<figure class=\"wp-block-image size-large\"><img loading=\"lazy\" decoding=\"async\" width=\"800\" height=\"800\" data-id=\"7544\" src=\"https:\/\/dewintech.com\/wp-content\/uploads\/2025\/08\/H93fbac66efa943f68756c47e85bed1efQ.jpg\" alt=\"\" class=\"wp-image-7544\" srcset=\"https:\/\/dewintech.com\/wp-content\/uploads\/2025\/08\/H93fbac66efa943f68756c47e85bed1efQ.jpg 800w, https:\/\/dewintech.com\/wp-content\/uploads\/2025\/08\/H93fbac66efa943f68756c47e85bed1efQ-300x300.jpg 300w, https:\/\/dewintech.com\/wp-content\/uploads\/2025\/08\/H93fbac66efa943f68756c47e85bed1efQ-150x150.jpg 150w, https:\/\/dewintech.com\/wp-content\/uploads\/2025\/08\/H93fbac66efa943f68756c47e85bed1efQ-768x768.jpg 768w, https:\/\/dewintech.com\/wp-content\/uploads\/2025\/08\/H93fbac66efa943f68756c47e85bed1efQ-600x600.jpg 600w, https:\/\/dewintech.com\/wp-content\/uploads\/2025\/08\/H93fbac66efa943f68756c47e85bed1efQ-100x100.jpg 100w\" sizes=\"(max-width: 800px) 100vw, 800px\" \/><\/figure>\n<\/figure>","protected":false},"excerpt":{"rendered":"<p>Le mur su\u00e9dois, \u00e9galement connu sous le nom de barre su\u00e9doise, est un \u00e9quipement de fitness classique et polyvalent largement utilis\u00e9 dans les salles de sport, les centres de r\u00e9\u00e9ducation, les cliniques de physioth\u00e9rapie et les salles de sport \u00e0 domicile du monde entier. Construit en bois massif de haute qualit\u00e9, notre mur su\u00e9dois allie durabilit\u00e9, s\u00e9curit\u00e9 et savoir-faire \u00e9l\u00e9gant, ce qui le rend adapt\u00e9 aux utilisateurs de tous \u00e2ges et de tous niveaux d'entra\u00eenement.<\/p>","protected":false},"featured_media":7577,"comment_status":"open","ping_status":"closed","template":"","meta":[],"product_brand":[],"product_cat":[77,66],"product_tag":[73,70],"class_list":{"0":"post-7585","1":"product","2":"type-product","3":"status-publish","4":"has-post-thumbnail","6":"product_cat-accessories","7":"product_cat-fitness-equipment","8":"product_tag-custom-logo","9":"product_tag-small-moq","11":"first","12":"instock","13":"shipping-taxable","14":"product-type-simple"},"yoast_head":"<!-- This site is optimized with the Yoast SEO Premium plugin v27.0 (Yoast SEO v27.5) - https:\/\/yoast.com\/product\/yoast-seo-premium-wordpress\/ -->\n<title>Swedish Wall Bars \u2013 Functional Training &amp; Gymnastics Stall Bars Manufacturer &amp; Exporter - Dewin - Help You Make Custom Parts &amp; Assembilies in Vietnam &amp; China<\/title>\n<meta name=\"robots\" content=\"index, follow, max-snippet:-1, max-image-preview:large, max-video-preview:-1\" \/>\n<link rel=\"canonical\" href=\"https:\/\/dewintech.com\/fr\/product\/barres-suedoises-entrainement-fonctionnel-barres-de-gymnastique-fabricant-exportateur\/\" \/>\n<meta property=\"og:locale\" content=\"fr_FR\" \/>\n<meta property=\"og:type\" content=\"article\" \/>\n<meta property=\"og:title\" content=\"Swedish Wall Bars \u2013 Functional Training &amp; Gymnastics Stall Bars Manufacturer &amp; Exporter\" \/>\n<meta property=\"og:description\" content=\"The Swedish Wall, also known as Stall Bars, is a classic and versatile piece of fitness equipment widely used in gyms, rehabilitation centers, physiotherapy clinics, and home gyms around the world. Constructed from high-quality solid wood, our Swedish Wall combines durability, safety, and elegant craftsmanship, making it suitable for users of all ages and training levels.\" \/>\n<meta property=\"og:url\" content=\"https:\/\/dewintech.com\/fr\/product\/barres-suedoises-entrainement-fonctionnel-barres-de-gymnastique-fabricant-exportateur\/\" \/>\n<meta property=\"og:site_name\" content=\"Dewin - Help You Make Custom Parts &amp; Assembilies in Vietnam &amp; China\" \/>\n<meta property=\"article:modified_time\" content=\"2025-08-11T03:56:46+00:00\" \/>\n<meta property=\"og:image\" content=\"https:\/\/dewintech.com\/wp-content\/uploads\/2025\/08\/6_72c18faf-8c83-4c5b-97e3-b7824d08c2fa_5000x_\u770b\u56fe\u738b.jpg\" \/>\n\t<meta property=\"og:image:width\" content=\"1200\" \/>\n\t<meta property=\"og:image:height\" content=\"1200\" \/>\n\t<meta property=\"og:image:type\" content=\"image\/jpeg\" \/>\n<meta name=\"twitter:card\" content=\"summary_large_image\" \/>\n<meta name=\"twitter:label1\" content=\"Dur\u00e9e de lecture estim\u00e9e\" \/>\n\t<meta name=\"twitter:data1\" content=\"3 minutes\" \/>\n<!-- \/ Yoast SEO Premium plugin. -->","yoast_head_json":{"title":"Swedish Wall Bars \u2013 Functional Training &amp; Gymnastics Stall Bars Manufacturer &amp; Exporter - Dewin - Help You Make Custom Parts &amp; Assembilies in Vietnam &amp; China","robots":{"index":"index","follow":"follow","max-snippet":"max-snippet:-1","max-image-preview":"max-image-preview:large","max-video-preview":"max-video-preview:-1"},"canonical":"https:\/\/dewintech.com\/fr\/product\/barres-suedoises-entrainement-fonctionnel-barres-de-gymnastique-fabricant-exportateur\/","og_locale":"fr_FR","og_type":"article","og_title":"Swedish Wall Bars \u2013 Functional Training &amp; Gymnastics Stall Bars Manufacturer &amp; Exporter","og_description":"The Swedish Wall, also known as Stall Bars, is a classic and versatile piece of fitness equipment widely used in gyms, rehabilitation centers, physiotherapy clinics, and home gyms around the world. Constructed from high-quality solid wood, our Swedish Wall combines durability, safety, and elegant craftsmanship, making it suitable for users of all ages and training levels.","og_url":"https:\/\/dewintech.com\/fr\/product\/barres-suedoises-entrainement-fonctionnel-barres-de-gymnastique-fabricant-exportateur\/","og_site_name":"Dewin - Help You Make Custom Parts &amp; Assembilies in Vietnam &amp; China","article_modified_time":"2025-08-11T03:56:46+00:00","og_image":[{"width":1200,"height":1200,"url":"https:\/\/dewintech.com\/wp-content\/uploads\/2025\/08\/6_72c18faf-8c83-4c5b-97e3-b7824d08c2fa_5000x_\u770b\u56fe\u738b.jpg","type":"image\/jpeg"}],"twitter_card":"summary_large_image","twitter_misc":{"Dur\u00e9e de lecture estim\u00e9e":"3 minutes"},"schema":{"@context":"https:\/\/schema.org","@graph":[{"@type":"WebPage","@id":"https:\/\/dewintech.com\/product\/swedish-wall-bars-functional-training-gymnastics-stall-bars-manufacturer-exporter\/","url":"https:\/\/dewintech.com\/product\/swedish-wall-bars-functional-training-gymnastics-stall-bars-manufacturer-exporter\/","name":"Swedish Wall Bars \u2013 Functional Training &amp; Gymnastics Stall Bars Manufacturer &amp; Exporter - Dewin - Help You Make Custom Parts &amp; Assembilies in Vietnam &amp; China","isPartOf":{"@id":"https:\/\/dewintech.com\/#website"},"primaryImageOfPage":{"@id":"https:\/\/dewintech.com\/product\/swedish-wall-bars-functional-training-gymnastics-stall-bars-manufacturer-exporter\/#primaryimage"},"image":{"@id":"https:\/\/dewintech.com\/product\/swedish-wall-bars-functional-training-gymnastics-stall-bars-manufacturer-exporter\/#primaryimage"},"thumbnailUrl":"https:\/\/dewintech.com\/wp-content\/uploads\/2025\/08\/6_72c18faf-8c83-4c5b-97e3-b7824d08c2fa_5000x_\u770b\u56fe\u738b.jpg","datePublished":"2025-08-11T03:56:40+00:00","dateModified":"2025-08-11T03:56:46+00:00","breadcrumb":{"@id":"https:\/\/dewintech.com\/product\/swedish-wall-bars-functional-training-gymnastics-stall-bars-manufacturer-exporter\/#breadcrumb"},"inLanguage":"fr-FR","potentialAction":[{"@type":"ReadAction","target":["https:\/\/dewintech.com\/product\/swedish-wall-bars-functional-training-gymnastics-stall-bars-manufacturer-exporter\/"]}]},{"@type":"ImageObject","inLanguage":"fr-FR","@id":"https:\/\/dewintech.com\/product\/swedish-wall-bars-functional-training-gymnastics-stall-bars-manufacturer-exporter\/#primaryimage","url":"https:\/\/dewintech.com\/wp-content\/uploads\/2025\/08\/6_72c18faf-8c83-4c5b-97e3-b7824d08c2fa_5000x_\u770b\u56fe\u738b.jpg","contentUrl":"https:\/\/dewintech.com\/wp-content\/uploads\/2025\/08\/6_72c18faf-8c83-4c5b-97e3-b7824d08c2fa_5000x_\u770b\u56fe\u738b.jpg","width":1200,"height":1200},{"@type":"BreadcrumbList","@id":"https:\/\/dewintech.com\/product\/swedish-wall-bars-functional-training-gymnastics-stall-bars-manufacturer-exporter\/#breadcrumb","itemListElement":[{"@type":"ListItem","position":1,"name":"Home","item":"https:\/\/dewintech.com\/"},{"@type":"ListItem","position":2,"name":"Product","item":"https:\/\/dewintech.com\/product\/"},{"@type":"ListItem","position":3,"name":"Fitness Equipment","item":"https:\/\/dewintech.com\/product-category\/fitness-equipment\/"},{"@type":"ListItem","position":4,"name":"Swedish Wall Bars \u2013 Functional Training &amp; Gymnastics Stall Bars Manufacturer &amp; Exporter"}]},{"@type":"WebSite","@id":"https:\/\/dewintech.com\/#website","url":"https:\/\/dewintech.com\/","name":"Dewin - Aide \u00e0 la fabrication de pi\u00e8ces personnalis\u00e9es au Vietnam et en Chine","description":"Sp\u00e9cialis\u00e9 dans les composants m\u00e9talliques et plastiques pour applications industrielles et grand public \u2014 de l'approvisionnement aupr\u00e8s des fournisseurs \u00e0 la fabrication, au contr\u00f4le qualit\u00e9 et \u00e0 la livraison mondiale.","publisher":{"@id":"https:\/\/dewintech.com\/#organization"},"potentialAction":[{"@type":"SearchAction","target":{"@type":"EntryPoint","urlTemplate":"https:\/\/dewintech.com\/?s={search_term_string}"},"query-input":{"@type":"PropertyValueSpecification","valueRequired":true,"valueName":"search_term_string"}}],"inLanguage":"fr-FR"},{"@type":"Organization","@id":"https:\/\/dewintech.com\/#organization","name":"Dewin","url":"https:\/\/dewintech.com\/","logo":{"@type":"ImageObject","inLanguage":"fr-FR","@id":"https:\/\/dewintech.com\/#\/schema\/logo\/image\/","url":"https:\/\/dewintech.com\/wp-content\/uploads\/2021\/06\/DEWIN-\u4f4d\u56fe-JPEG-\u5927.jpg","contentUrl":"https:\/\/dewintech.com\/wp-content\/uploads\/2021\/06\/DEWIN-\u4f4d\u56fe-JPEG-\u5927.jpg","width":1099,"height":475,"caption":"Dewin"},"image":{"@id":"https:\/\/dewintech.com\/#\/schema\/logo\/image\/"}}]}},"_links":{"self":[{"href":"https:\/\/dewintech.com\/fr\/wp-json\/wp\/v2\/product\/7585","targetHints":{"allow":["GET"]}}],"collection":[{"href":"https:\/\/dewintech.com\/fr\/wp-json\/wp\/v2\/product"}],"about":[{"href":"https:\/\/dewintech.com\/fr\/wp-json\/wp\/v2\/types\/product"}],"replies":[{"embeddable":true,"href":"https:\/\/dewintech.com\/fr\/wp-json\/wp\/v2\/comments?post=7585"}],"wp:featuredmedia":[{"embeddable":true,"href":"https:\/\/dewintech.com\/fr\/wp-json\/wp\/v2\/media\/7577"}],"wp:attachment":[{"href":"https:\/\/dewintech.com\/fr\/wp-json\/wp\/v2\/media?parent=7585"}],"wp:term":[{"taxonomy":"product_brand","embeddable":true,"href":"https:\/\/dewintech.com\/fr\/wp-json\/wp\/v2\/product_brand?post=7585"},{"taxonomy":"product_cat","embeddable":true,"href":"https:\/\/dewintech.com\/fr\/wp-json\/wp\/v2\/product_cat?post=7585"},{"taxonomy":"product_tag","embeddable":true,"href":"https:\/\/dewintech.com\/fr\/wp-json\/wp\/v2\/product_tag?post=7585"}],"curies":[{"name":"wp","href":"https:\/\/api.w.org\/{rel}","templated":true}]}}