{"id":258,"date":"2021-01-05T22:51:23","date_gmt":"2021-01-05T14:51:23","guid":{"rendered":"https:\/\/dewintech.com\/product\/import-placeholder-for-48\/"},"modified":"2021-03-15T20:12:05","modified_gmt":"2021-03-15T12:12:05","slug":"metallurgie-des-poudres","status":"publish","type":"product","link":"https:\/\/dewintech.com\/fr\/product\/powder-metallurgy\/","title":{"rendered":"M\u00e9tallurgie des poudres"},"content":{"rendered":"<p class=\"ql-align-left ql-long-4799810\" align=\"left\"><span class=\"ql-author-4799810\">Bougez avec les \u00e9couteurs sans fil Blackweb. <\/span><\/p>\n<p class=\"ql-align-left ql-long-4799810\" align=\"left\"><span class=\"ql-author-4799810\">Les \u00e9couteurs traditionnels comportent des fils et des \u00e9couteurs volumineux qui peuvent s'emm\u00ealer ou glisser, limitant votre style et ralentissant votre d\u00e9marche. <\/span><\/p>\n<p class=\"ql-align-left ql-long-4799810\" align=\"left\"><span class=\"ql-author-4799810\">Les \u00e9couteurs Bluetooth Blackweb ne vous ralentiront pas gr\u00e2ce \u00e0 leur conception sans fil et l\u00e9g\u00e8re, avec des \u00e9couteurs qui se logent facilement dans l'oreille, dot\u00e9s de capuchons en silicone souple pour un confort sup\u00e9rieur. <\/span><\/p>\n<p class=\"ql-align-left ql-long-4799810\" align=\"left\"><span class=\"ql-author-4799810\">Les \u00e9couteurs sont dot\u00e9s d'un crochet qui les maintient en place, vous permettant de courir, de faire du jogging, de marcher ou m\u00eame de vous d\u00e9placer sans qu'ils ne glissent. <\/span><\/p>\n<p class=\"ql-align-left ql-long-4799810\" align=\"left\"><span class=\"ql-author-4799810\">Les \u00e9couteurs sans fil l\u00e9gers offrent trois heures et demie de performance cristalline tout au long de votre journ\u00e9e, exploitant la puissance de la technologie Bluetooth pour offrir la qualit\u00e9 sonore dont votre musique, vos podcasts et vos conversations ont besoin. <\/span><\/p>\n<p class=\"ql-align-left ql-long-4799810\" align=\"left\"><span class=\"ql-author-4799810\">Le design compact se glisse facilement dans l'\u00e9tui de chargement inclus ; l'\u00e9tui recharge compl\u00e8tement les \u00e9couteurs en seulement deux heures. <\/span><\/p>\n<p class=\"ql-align-left ql-long-4799810\" align=\"left\"><span class=\"ql-author-4799810\">Ils sont compatibles avec la plupart des smartphones, lecteurs MP3 et tablettes, y compris Apple, Samsung, Google et d'autres grandes marques.<\/span><strong class=\"ql-author-4799810\">\u00c9couteurs Bluetooth True Wireless Blackweb :<\/strong><\/p>\n<ul>\n<li class=\"\"><span class=\"ql-author-4799810\">Les \u00e9couteurs sans fil vous accompagnent partout sans fils encombrants et sujets aux n\u0153uds<\/span><\/li>\n<li class=\"\"><span class=\"ql-author-4799810\">Id\u00e9al pour l'entra\u00eenement et l'utilisation du t\u00e9l\u00e9phone mains libres<\/span><\/li>\n<li class=\"\"><span class=\"ql-author-4799810\">Conception l\u00e9g\u00e8re avec un crochet d'oreille pour un confort et une stabilit\u00e9 toute la journ\u00e9e<\/span><\/li>\n<li class=\"\"><span class=\"ql-author-4799810\">Les \u00e9couteurs Bluetooth Blackweb offrent 3,5 heures de performance cristalline<\/span><\/li>\n<li class=\"\"><span class=\"ql-author-4799810\">Compatible avec les smartphones et autres appareils d'Apple, Google, Huawei, Samsung et plus encore<\/span><\/li>\n<li class=\"\"><span class=\"ql-author-4799810\">Comprend un \u00e9tui de chargement compact qui recharge compl\u00e8tement les \u00e9couteurs en 2 heures<\/span><\/li>\n<li class=\"\"><span class=\"ql-author-4799810\">Con\u00e7us avec des embouts souples en silicone pour un confort polyvalent<\/span><\/li>\n<li class=\"\"><span class=\"ql-author-4799810\">Num\u00e9ro de mod\u00e8le : BWD19AAH06<\/span><\/li>\n<li class=\"\"><span class=\"ql-author-4799810\">Disponible en noir et or rose pour s'adapter au mieux \u00e0 votre style<\/span><\/li>\n<\/ul>","protected":false},"excerpt":{"rendered":"<p>Fabriqu\u00e9 en m\u00e9tal fritt\u00e9, \u00e0 base de fer ou de cuivre, form\u00e9 par outillage et durci au four, avec une efficacit\u00e9 de 10 000 pi\u00e8ces par jour, offre des performances similaires aux pi\u00e8ces moul\u00e9es et usin\u00e9es mais \u00e0 un co\u00fbt beaucoup plus comp\u00e9titif, jusqu'\u00e0 70 % de r\u00e9duction.<\/p>","protected":false},"featured_media":661,"comment_status":"closed","ping_status":"closed","template":"","meta":[],"product_brand":[],"product_cat":[18],"product_tag":[],"class_list":{"0":"post-258","1":"product","2":"type-product","3":"status-publish","4":"has-post-thumbnail","6":"product_cat-uncategorized","8":"first","9":"instock","10":"shipping-taxable","11":"product-type-simple"},"yoast_head":"<!-- This site is optimized with the Yoast SEO Premium plugin v27.0 (Yoast SEO v27.5) - https:\/\/yoast.com\/product\/yoast-seo-premium-wordpress\/ -->\n<title>Powder Metallurgy - Dewin - Help You Make Custom Parts &amp; Assembilies in Vietnam &amp; China<\/title>\n<meta name=\"robots\" content=\"index, follow, max-snippet:-1, max-image-preview:large, max-video-preview:-1\" \/>\n<link rel=\"canonical\" href=\"https:\/\/dewintech.com\/fr\/product\/metallurgie-des-poudres\/\" \/>\n<meta property=\"og:locale\" content=\"fr_FR\" \/>\n<meta property=\"og:type\" content=\"article\" \/>\n<meta property=\"og:title\" content=\"Powder Metallurgy\" \/>\n<meta property=\"og:description\" content=\"Made by powder metal, iron or copper based, formed by tooling, and harden in the furnace, with an efficiency of 10k pieces per day, provides a similar performance with casting and machining parts but much competitive cost up to 70% reduction\" \/>\n<meta property=\"og:url\" content=\"https:\/\/dewintech.com\/fr\/product\/metallurgie-des-poudres\/\" \/>\n<meta property=\"og:site_name\" content=\"Dewin - Help You Make Custom Parts &amp; Assembilies in Vietnam &amp; China\" \/>\n<meta property=\"article:modified_time\" content=\"2021-03-15T12:12:05+00:00\" \/>\n<meta property=\"og:image\" content=\"https:\/\/dewintech.com\/wp-content\/uploads\/2021\/01\/sintered-parts.jpg\" \/>\n\t<meta property=\"og:image:width\" content=\"800\" \/>\n\t<meta property=\"og:image:height\" content=\"528\" \/>\n\t<meta property=\"og:image:type\" content=\"image\/jpeg\" \/>\n<meta name=\"twitter:card\" content=\"summary_large_image\" \/>\n<meta name=\"twitter:label1\" content=\"Dur\u00e9e de lecture estim\u00e9e\" \/>\n\t<meta name=\"twitter:data1\" content=\"1 minute\" \/>\n<!-- \/ Yoast SEO Premium plugin. -->","yoast_head_json":{"title":"Powder Metallurgy - Dewin - Help You Make Custom Parts &amp; Assembilies in Vietnam &amp; China","robots":{"index":"index","follow":"follow","max-snippet":"max-snippet:-1","max-image-preview":"max-image-preview:large","max-video-preview":"max-video-preview:-1"},"canonical":"https:\/\/dewintech.com\/fr\/product\/metallurgie-des-poudres\/","og_locale":"fr_FR","og_type":"article","og_title":"Powder Metallurgy","og_description":"Made by powder metal, iron or copper based, formed by tooling, and harden in the furnace, with an efficiency of 10k pieces per day, provides a similar performance with casting and machining parts but much competitive cost up to 70% reduction","og_url":"https:\/\/dewintech.com\/fr\/product\/metallurgie-des-poudres\/","og_site_name":"Dewin - Help You Make Custom Parts &amp; Assembilies in Vietnam &amp; China","article_modified_time":"2021-03-15T12:12:05+00:00","og_image":[{"width":800,"height":528,"url":"https:\/\/dewintech.com\/wp-content\/uploads\/2021\/01\/sintered-parts.jpg","type":"image\/jpeg"}],"twitter_card":"summary_large_image","twitter_misc":{"Dur\u00e9e de lecture estim\u00e9e":"1 minute"},"schema":{"@context":"https:\/\/schema.org","@graph":[{"@type":"WebPage","@id":"https:\/\/dewintech.com\/product\/powder-metallurgy\/","url":"https:\/\/dewintech.com\/product\/powder-metallurgy\/","name":"Powder Metallurgy - Dewin - Help You Make Custom Parts &amp; Assembilies in Vietnam &amp; China","isPartOf":{"@id":"https:\/\/dewintech.com\/#website"},"primaryImageOfPage":{"@id":"https:\/\/dewintech.com\/product\/powder-metallurgy\/#primaryimage"},"image":{"@id":"https:\/\/dewintech.com\/product\/powder-metallurgy\/#primaryimage"},"thumbnailUrl":"https:\/\/dewintech.com\/wp-content\/uploads\/2021\/01\/sintered-parts.jpg","datePublished":"2021-01-05T14:51:23+00:00","dateModified":"2021-03-15T12:12:05+00:00","breadcrumb":{"@id":"https:\/\/dewintech.com\/product\/powder-metallurgy\/#breadcrumb"},"inLanguage":"fr-FR","potentialAction":[{"@type":"ReadAction","target":["https:\/\/dewintech.com\/product\/powder-metallurgy\/"]}]},{"@type":"ImageObject","inLanguage":"fr-FR","@id":"https:\/\/dewintech.com\/product\/powder-metallurgy\/#primaryimage","url":"https:\/\/dewintech.com\/wp-content\/uploads\/2021\/01\/sintered-parts.jpg","contentUrl":"https:\/\/dewintech.com\/wp-content\/uploads\/2021\/01\/sintered-parts.jpg","width":800,"height":528},{"@type":"BreadcrumbList","@id":"https:\/\/dewintech.com\/product\/powder-metallurgy\/#breadcrumb","itemListElement":[{"@type":"ListItem","position":1,"name":"Home","item":"https:\/\/dewintech.com\/"},{"@type":"ListItem","position":2,"name":"Product","item":"https:\/\/dewintech.com\/product\/"},{"@type":"ListItem","position":3,"name":"Uncategorized","item":"https:\/\/dewintech.com\/product-category\/uncategorized\/"},{"@type":"ListItem","position":4,"name":"Powder Metallurgy"}]},{"@type":"WebSite","@id":"https:\/\/dewintech.com\/#website","url":"https:\/\/dewintech.com\/","name":"Dewin - Aide \u00e0 la fabrication de pi\u00e8ces personnalis\u00e9es au Vietnam et en Chine","description":"Sp\u00e9cialis\u00e9 dans les composants m\u00e9talliques et plastiques pour applications industrielles et grand public \u2014 de l'approvisionnement aupr\u00e8s des fournisseurs \u00e0 la fabrication, au contr\u00f4le qualit\u00e9 et \u00e0 la livraison mondiale.","publisher":{"@id":"https:\/\/dewintech.com\/#organization"},"potentialAction":[{"@type":"SearchAction","target":{"@type":"EntryPoint","urlTemplate":"https:\/\/dewintech.com\/?s={search_term_string}"},"query-input":{"@type":"PropertyValueSpecification","valueRequired":true,"valueName":"search_term_string"}}],"inLanguage":"fr-FR"},{"@type":"Organization","@id":"https:\/\/dewintech.com\/#organization","name":"Dewin","url":"https:\/\/dewintech.com\/","logo":{"@type":"ImageObject","inLanguage":"fr-FR","@id":"https:\/\/dewintech.com\/#\/schema\/logo\/image\/","url":"https:\/\/dewintech.com\/wp-content\/uploads\/2021\/06\/DEWIN-\u4f4d\u56fe-JPEG-\u5927.jpg","contentUrl":"https:\/\/dewintech.com\/wp-content\/uploads\/2021\/06\/DEWIN-\u4f4d\u56fe-JPEG-\u5927.jpg","width":1099,"height":475,"caption":"Dewin"},"image":{"@id":"https:\/\/dewintech.com\/#\/schema\/logo\/image\/"}}]}},"_links":{"self":[{"href":"https:\/\/dewintech.com\/fr\/wp-json\/wp\/v2\/product\/258","targetHints":{"allow":["GET"]}}],"collection":[{"href":"https:\/\/dewintech.com\/fr\/wp-json\/wp\/v2\/product"}],"about":[{"href":"https:\/\/dewintech.com\/fr\/wp-json\/wp\/v2\/types\/product"}],"replies":[{"embeddable":true,"href":"https:\/\/dewintech.com\/fr\/wp-json\/wp\/v2\/comments?post=258"}],"wp:featuredmedia":[{"embeddable":true,"href":"https:\/\/dewintech.com\/fr\/wp-json\/wp\/v2\/media\/661"}],"wp:attachment":[{"href":"https:\/\/dewintech.com\/fr\/wp-json\/wp\/v2\/media?parent=258"}],"wp:term":[{"taxonomy":"product_brand","embeddable":true,"href":"https:\/\/dewintech.com\/fr\/wp-json\/wp\/v2\/product_brand?post=258"},{"taxonomy":"product_cat","embeddable":true,"href":"https:\/\/dewintech.com\/fr\/wp-json\/wp\/v2\/product_cat?post=258"},{"taxonomy":"product_tag","embeddable":true,"href":"https:\/\/dewintech.com\/fr\/wp-json\/wp\/v2\/product_tag?post=258"}],"curies":[{"name":"wp","href":"https:\/\/api.w.org\/{rel}","templated":true}]}}