{"id":6162,"date":"2025-05-21T09:13:29","date_gmt":"2025-05-21T01:13:29","guid":{"rendered":"https:\/\/dewintech.com\/?page_id=6162"},"modified":"2025-06-24T10:04:45","modified_gmt":"2025-06-24T02:04:45","slug":"usine-vietnamienne","status":"publish","type":"page","link":"https:\/\/dewintech.com\/fr\/vietnam-factory\/","title":{"rendered":"Usine Vietnam"},"content":{"rendered":"<div data-elementor-type=\"wp-page\" data-elementor-id=\"6162\" class=\"elementor elementor-6162\" data-elementor-post-type=\"page\">\n\t\t\t\t\t\t<section class=\"elementor-section elementor-top-section elementor-element elementor-element-430054c9 elementor-section-height-min-height elementor-section-boxed ang-section-padding-initial elementor-section-height-default elementor-section-items-middle elementor-repeater-item-none elementor-repeater-item-none_hover\" data-id=\"430054c9\" data-element_type=\"section\" data-e-type=\"section\">\n\t\t\t\t\t\t<div class=\"elementor-container elementor-column-gap-default\">\n\t\t\t\t\t<div class=\"elementor-column elementor-col-100 elementor-top-column elementor-element elementor-element-dced1a6 elementor-repeater-item-none elementor-repeater-item-none_hover\" data-id=\"dced1a6\" data-element_type=\"column\" data-e-type=\"column\">\n\t\t\t<div class=\"elementor-widget-wrap elementor-element-populated\">\n\t\t\t\t\t\t<div class=\"elementor-element elementor-element-34ca1245 elementor-repeater-item-none elementor-repeater-item-none_hover elementor-widget elementor-widget-heading\" data-id=\"34ca1245\" data-element_type=\"widget\" data-e-type=\"widget\" data-widget_type=\"heading.default\">\n\t\t\t\t\t<h1 class=\"elementor-heading-title elementor-size-default\">Toutes les vid\u00e9os<\/h1>\t\t\t\t<\/div>\n\t\t\t\t<div class=\"elementor-element elementor-element-24b10a48 elementor-repeater-item-none elementor-repeater-item-none_hover elementor-widget elementor-widget-woocommerce-breadcrumb\" data-id=\"24b10a48\" data-element_type=\"widget\" data-e-type=\"widget\" data-widget_type=\"woocommerce-breadcrumb.default\">\n\t\t\t\t\t<nav class=\"woocommerce-breadcrumb\" aria-label=\"Breadcrumb\" data-no-translation=\"\" data-trp-gettext=\"\">Home<\/nav>\t\t\t\t<\/div>\n\t\t\t\t\t<\/div>\n\t\t<\/div>\n\t\t\t\t\t<\/div>\n\t\t<\/section>\n\t\t\t\t<section class=\"elementor-section elementor-top-section elementor-element elementor-element-7e3c73e8 elementor-section-boxed ang-section-padding-initial elementor-section-height-default elementor-section-height-default elementor-repeater-item-none elementor-repeater-item-none_hover\" data-id=\"7e3c73e8\" data-element_type=\"section\" data-e-type=\"section\">\n\t\t\t\t\t\t<div class=\"elementor-container elementor-column-gap-default\">\n\t\t\t\t\t<div class=\"elementor-column elementor-col-100 elementor-top-column elementor-element elementor-element-1c3c3abd elementor-repeater-item-none elementor-repeater-item-none_hover\" data-id=\"1c3c3abd\" data-element_type=\"column\" data-e-type=\"column\">\n\t\t\t<div class=\"elementor-widget-wrap elementor-element-populated\">\n\t\t\t\t\t\t<div class=\"elementor-element elementor-element-0836577 elementor-repeater-item-none elementor-repeater-item-none_hover elementor-widget elementor-widget-heading\" data-id=\"0836577\" data-element_type=\"widget\" data-e-type=\"widget\" data-widget_type=\"heading.default\">\n\t\t\t\t\t<h2 class=\"elementor-heading-title elementor-size-default\">Explorez nos fournisseurs v\u00e9rifi\u00e9s du Vietnam\n<\/h2>\t\t\t\t<\/div>\n\t\t\t\t<div class=\"elementor-element elementor-element-59bd360 elementor-repeater-item-none elementor-repeater-item-none_hover elementor-widget elementor-widget-text-editor\" data-id=\"59bd360\" data-element_type=\"widget\" data-e-type=\"widget\" data-widget_type=\"text-editor.default\">\n\t\t\t\t\t\t\t\t\t<p>Lorem ipsum dolor sit amet, consectetur adipiscing elit. Ut elit tellus, luctus nec ullamcorper mattis, pulvinar dapibus leo.<\/p>\t\t\t\t\t\t\t\t<\/div>\n\t\t\t\t<div class=\"elementor-element elementor-element-2c9f937b elementor-repeater-item-none elementor-repeater-item-none_hover elementor-widget elementor-widget-wp-widget-categories\" data-id=\"2c9f937b\" data-element_type=\"widget\" data-e-type=\"widget\" data-widget_type=\"wp-widget-categories.default\">\n\t\t\t\t<div class=\"elementor-widget-container\">\n\t\t\t\t\t<h5>Cat\u00e9gories<\/h5><form action=\"https:\/\/dewintech.com\/fr\/\" method=\"get\" data-trp-original-action=\"https:\/\/dewintech.com\/fr\"><label class=\"screen-reader-text\" for=\"cat\">Cat\u00e9gories<\/label><select  name='cat' id='cat' class='postform'>\n\t<option value='-1'>S\u00e9lectionner une cat\u00e9gorie<\/option>\n\t<option class=\"level-0\" value=\"235\">Informations sur l'usine<\/option>\n\t<option class=\"level-0\" value=\"65\">Forme physique<\/option>\n\t<option class=\"level-0\" value=\"55\">Nouvelles de l'industrie<\/option>\n\t<option class=\"level-0\" value=\"92\">Fabriqu\u00e9 au Vietnam<\/option>\n\t<option class=\"level-0\" value=\"217\">Fabrication<\/option>\n\t<option class=\"level-0\" value=\"79\">Tondeuse<\/option>\n\t<option class=\"level-0\" value=\"248\">Moulage par soufflage de plastique<\/option>\n\t<option class=\"level-0\" value=\"216\">Gestion de la cha\u00eene d'approvisionnement<\/option>\n\t<option class=\"level-0\" value=\"52\">Technologie<\/option>\n\t<option class=\"level-0\" value=\"1\">Non class\u00e9<\/option>\n\t<option class=\"level-0\" value=\"84\">Usine Vietnam<\/option>\n\t<option class=\"level-1\" value=\"223\">&nbsp;&nbsp;&nbsp;Moulage<\/option>\n\t<option class=\"level-1\" value=\"221\">&nbsp;&nbsp;&nbsp;Usinage<\/option>\n\t<option class=\"level-1\" value=\"219\">&nbsp;&nbsp;&nbsp;Injection plastique<\/option>\n\t<option class=\"level-1\" value=\"222\">&nbsp;&nbsp;&nbsp;Estampage et pliage<\/option>\n\t<option class=\"level-0\" value=\"247\">Soudage<\/option>\n<\/select>\n<input type=\"hidden\" name=\"trp-form-language\" value=\"fr\"\/><\/form><script>\n( ( dropdownId ) => {\n\tconst dropdown = document.getElementById( dropdownId );\n\tfunction onSelectChange() {\n\t\tsetTimeout( () => {\n\t\t\tif ( 'escape' === dropdown.dataset.lastkey ) {\n\t\t\t\treturn;\n\t\t\t}\n\t\t\tif ( dropdown.value && parseInt( dropdown.value ) > 0 && dropdown instanceof HTMLSelectElement ) {\n\t\t\t\tdropdown.parentElement.submit();\n\t\t\t}\n\t\t}, 250 );\n\t}\n\tfunction onKeyUp( event ) {\n\t\tif ( 'Escape' === event.key ) {\n\t\t\tdropdown.dataset.lastkey = 'escape';\n\t\t} else {\n\t\t\tdelete dropdown.dataset.lastkey;\n\t\t}\n\t}\n\tfunction onClick() {\n\t\tdelete dropdown.dataset.lastkey;\n\t}\n\tdropdown.addEventListener( 'keyup', onKeyUp );\n\tdropdown.addEventListener( 'click', onClick );\n\tdropdown.addEventListener( 'change', onSelectChange );\n})( \"cat\" );\n\n\/\/# sourceURL=WP_Widget_Categories%3A%3Awidget\n<\/script>\n\t\t\t\t<\/div>\n\t\t\t\t<\/div>\n\t\t\t\t<div class=\"elementor-element elementor-element-4c4bfecb elementor-posts--align-center elementor-grid-3 elementor-grid-tablet-2 elementor-grid-mobile-1 elementor-posts--thumbnail-top elementor-card-shadow-yes elementor-posts__hover-gradient elementor-repeater-item-none elementor-repeater-item-none_hover elementor-widget elementor-widget-archive-posts\" data-id=\"4c4bfecb\" data-element_type=\"widget\" data-e-type=\"widget\" data-settings=\"{&quot;pagination_type&quot;:&quot;numbers_and_prev_next&quot;,&quot;archive_cards_columns&quot;:&quot;3&quot;,&quot;archive_cards_columns_tablet&quot;:&quot;2&quot;,&quot;archive_cards_columns_mobile&quot;:&quot;1&quot;,&quot;archive_cards_row_gap&quot;:{&quot;unit&quot;:&quot;px&quot;,&quot;size&quot;:35,&quot;sizes&quot;:[]},&quot;archive_cards_row_gap_tablet&quot;:{&quot;unit&quot;:&quot;px&quot;,&quot;size&quot;:&quot;&quot;,&quot;sizes&quot;:[]},&quot;archive_cards_row_gap_mobile&quot;:{&quot;unit&quot;:&quot;px&quot;,&quot;size&quot;:&quot;&quot;,&quot;sizes&quot;:[]}}\" data-widget_type=\"archive-posts.archive_cards\">\n\t\t\t\t\t\t\t<div class=\"elementor-posts-container elementor-posts elementor-posts--skin-cards elementor-grid\" role=\"list\">\n\t\t\t\t\t\t<div class=\"elementor-posts-nothing-found\">\n\t\t\t\t\tIl semble que nous ne puissions pas trouver ce que vous cherchez. Peut-\u00eatre que la recherche peut vous aider.\t\t\t\t<\/div>\n\t\t\t\t\t<\/div>\n\t\t\n\t\t\t\t\t\t<\/div>\n\t\t\t\t<div class=\"elementor-element elementor-element-c5e49c4 elementor-posts--align-center elementor-grid-3 elementor-grid-tablet-2 elementor-grid-mobile-1 elementor-posts--thumbnail-top elementor-card-shadow-yes elementor-posts__hover-gradient elementor-repeater-item-none elementor-repeater-item-none_hover elementor-widget elementor-widget-archive-posts\" data-id=\"c5e49c4\" data-element_type=\"widget\" data-e-type=\"widget\" data-settings=\"{&quot;pagination_type&quot;:&quot;numbers_and_prev_next&quot;,&quot;archive_cards_columns&quot;:&quot;3&quot;,&quot;archive_cards_columns_tablet&quot;:&quot;2&quot;,&quot;archive_cards_columns_mobile&quot;:&quot;1&quot;,&quot;archive_cards_row_gap&quot;:{&quot;unit&quot;:&quot;px&quot;,&quot;size&quot;:35,&quot;sizes&quot;:[]},&quot;archive_cards_row_gap_tablet&quot;:{&quot;unit&quot;:&quot;px&quot;,&quot;size&quot;:&quot;&quot;,&quot;sizes&quot;:[]},&quot;archive_cards_row_gap_mobile&quot;:{&quot;unit&quot;:&quot;px&quot;,&quot;size&quot;:&quot;&quot;,&quot;sizes&quot;:[]}}\" data-widget_type=\"archive-posts.archive_cards\">\n\t\t\t\t\t\t\t<div class=\"elementor-posts-container elementor-posts elementor-posts--skin-cards elementor-grid\" role=\"list\">\n\t\t\t\t\t\t<div class=\"elementor-posts-nothing-found\">\n\t\t\t\t\tIl semble que nous ne puissions pas trouver ce que vous cherchez. Peut-\u00eatre que la recherche peut vous aider.\t\t\t\t<\/div>\n\t\t\t\t\t<\/div>\n\t\t\n\t\t\t\t\t\t<\/div>\n\t\t\t\t<div class=\"elementor-element elementor-element-dd179a8 elementor-posts--align-center elementor-grid-3 elementor-grid-tablet-2 elementor-grid-mobile-1 elementor-posts--thumbnail-top elementor-card-shadow-yes elementor-posts__hover-gradient elementor-repeater-item-none elementor-repeater-item-none_hover elementor-widget elementor-widget-archive-posts\" data-id=\"dd179a8\" data-element_type=\"widget\" data-e-type=\"widget\" data-settings=\"{&quot;pagination_type&quot;:&quot;numbers_and_prev_next&quot;,&quot;archive_cards_columns&quot;:&quot;3&quot;,&quot;archive_cards_columns_tablet&quot;:&quot;2&quot;,&quot;archive_cards_columns_mobile&quot;:&quot;1&quot;,&quot;archive_cards_row_gap&quot;:{&quot;unit&quot;:&quot;px&quot;,&quot;size&quot;:35,&quot;sizes&quot;:[]},&quot;archive_cards_row_gap_tablet&quot;:{&quot;unit&quot;:&quot;px&quot;,&quot;size&quot;:&quot;&quot;,&quot;sizes&quot;:[]},&quot;archive_cards_row_gap_mobile&quot;:{&quot;unit&quot;:&quot;px&quot;,&quot;size&quot;:&quot;&quot;,&quot;sizes&quot;:[]}}\" data-widget_type=\"archive-posts.archive_cards\">\n\t\t\t\t\t\t\t<div class=\"elementor-posts-container elementor-posts elementor-posts--skin-cards elementor-grid\" role=\"list\">\n\t\t\t\t\t\t<div class=\"elementor-posts-nothing-found\">\n\t\t\t\t\tIl semble que nous ne puissions pas trouver ce que vous cherchez. Peut-\u00eatre que la recherche peut vous aider.\t\t\t\t<\/div>\n\t\t\t\t\t<\/div>\n\t\t\n\t\t\t\t\t\t<\/div>\n\t\t\t\t\t<\/div>\n\t\t<\/div>\n\t\t\t\t\t<\/div>\n\t\t<\/section>\n\t\t\t\t<\/div>","protected":false},"excerpt":{"rendered":"<p>Toutes les vid\u00e9os Explorez nos fournisseurs v\u00e9rifi\u00e9s du Vietnam Ceci est un texte de test, cliquez sur le bouton \u201c Modifier \u201d pour changer ce texte.<\/p>","protected":false},"author":5,"featured_media":0,"parent":0,"menu_order":0,"comment_status":"closed","ping_status":"closed","template":"","meta":{"footnotes":""},"class_list":["post-6162","page","type-page","status-publish","hentry"],"yoast_head":"<!-- This site is optimized with the Yoast SEO Premium plugin v27.0 (Yoast SEO v27.3) - https:\/\/yoast.com\/product\/yoast-seo-premium-wordpress\/ -->\n<title>Vietnam Factory - Dewin - Help You Make Custom Parts &amp; Assembilies in Vietnam &amp; China<\/title>\n<meta name=\"robots\" content=\"index, follow, max-snippet:-1, max-image-preview:large, max-video-preview:-1\" \/>\n<link rel=\"canonical\" href=\"https:\/\/dewintech.com\/fr\/usine-vietnamienne\/\" \/>\n<meta property=\"og:locale\" content=\"fr_FR\" \/>\n<meta property=\"og:type\" content=\"article\" \/>\n<meta property=\"og:title\" content=\"Vietnam Factory\" \/>\n<meta property=\"og:description\" content=\"All Video Explore Our Verified Vietnam Suppliers \u8fd9\u662f\u6d4b\u8bd5\u6587\u672c\uff0c\u5355\u51fb \u201c\u7f16\u8f91\u201d \u6309\u94ae\u66f4\u6539\u6b64\u6587\u672c\u3002\" \/>\n<meta property=\"og:url\" content=\"https:\/\/dewintech.com\/fr\/usine-vietnamienne\/\" \/>\n<meta property=\"og:site_name\" content=\"Dewin - Help You Make Custom Parts &amp; Assembilies in Vietnam &amp; China\" \/>\n<meta property=\"article:modified_time\" content=\"2025-06-24T02:04:45+00:00\" \/>\n<meta name=\"twitter:card\" content=\"summary_large_image\" \/>\n<!-- \/ Yoast SEO Premium plugin. -->","yoast_head_json":{"title":"Vietnam Factory - Dewin - Help You Make Custom Parts &amp; Assembilies in Vietnam &amp; China","robots":{"index":"index","follow":"follow","max-snippet":"max-snippet:-1","max-image-preview":"max-image-preview:large","max-video-preview":"max-video-preview:-1"},"canonical":"https:\/\/dewintech.com\/fr\/usine-vietnamienne\/","og_locale":"fr_FR","og_type":"article","og_title":"Vietnam Factory","og_description":"All Video Explore Our Verified Vietnam Suppliers \u8fd9\u662f\u6d4b\u8bd5\u6587\u672c\uff0c\u5355\u51fb \u201c\u7f16\u8f91\u201d \u6309\u94ae\u66f4\u6539\u6b64\u6587\u672c\u3002","og_url":"https:\/\/dewintech.com\/fr\/usine-vietnamienne\/","og_site_name":"Dewin - Help You Make Custom Parts &amp; Assembilies in Vietnam &amp; China","article_modified_time":"2025-06-24T02:04:45+00:00","twitter_card":"summary_large_image","schema":{"@context":"https:\/\/schema.org","@graph":[{"@type":"WebPage","@id":"https:\/\/dewintech.com\/vietnam-factory\/","url":"https:\/\/dewintech.com\/vietnam-factory\/","name":"Vietnam Factory - Dewin - Help You Make Custom Parts &amp; Assembilies in Vietnam &amp; China","isPartOf":{"@id":"https:\/\/dewintech.com\/#website"},"datePublished":"2025-05-21T01:13:29+00:00","dateModified":"2025-06-24T02:04:45+00:00","breadcrumb":{"@id":"https:\/\/dewintech.com\/vietnam-factory\/#breadcrumb"},"inLanguage":"fr-FR","potentialAction":[{"@type":"ReadAction","target":["https:\/\/dewintech.com\/vietnam-factory\/"]}]},{"@type":"BreadcrumbList","@id":"https:\/\/dewintech.com\/vietnam-factory\/#breadcrumb","itemListElement":[{"@type":"ListItem","position":1,"name":"Home","item":"https:\/\/dewintech.com\/"},{"@type":"ListItem","position":2,"name":"Vietnam Factory"}]},{"@type":"WebSite","@id":"https:\/\/dewintech.com\/#website","url":"https:\/\/dewintech.com\/","name":"Dewin - Aide \u00e0 la fabrication de pi\u00e8ces personnalis\u00e9es au Vietnam et en Chine","description":"Sp\u00e9cialis\u00e9 dans les composants m\u00e9talliques et plastiques pour applications industrielles et grand public \u2014 de l'approvisionnement aupr\u00e8s des fournisseurs \u00e0 la fabrication, au contr\u00f4le qualit\u00e9 et \u00e0 la livraison mondiale.","publisher":{"@id":"https:\/\/dewintech.com\/#organization"},"potentialAction":[{"@type":"SearchAction","target":{"@type":"EntryPoint","urlTemplate":"https:\/\/dewintech.com\/?s={search_term_string}"},"query-input":{"@type":"PropertyValueSpecification","valueRequired":true,"valueName":"search_term_string"}}],"inLanguage":"fr-FR"},{"@type":"Organization","@id":"https:\/\/dewintech.com\/#organization","name":"Dewin","url":"https:\/\/dewintech.com\/","logo":{"@type":"ImageObject","inLanguage":"fr-FR","@id":"https:\/\/dewintech.com\/#\/schema\/logo\/image\/","url":"https:\/\/dewintech.com\/wp-content\/uploads\/2021\/06\/DEWIN-\u4f4d\u56fe-JPEG-\u5927.jpg","contentUrl":"https:\/\/dewintech.com\/wp-content\/uploads\/2021\/06\/DEWIN-\u4f4d\u56fe-JPEG-\u5927.jpg","width":1099,"height":475,"caption":"Dewin"},"image":{"@id":"https:\/\/dewintech.com\/#\/schema\/logo\/image\/"}}]}},"_hostinger_reach_plugin_has_subscription_block":false,"_hostinger_reach_plugin_is_elementor":false,"_links":{"self":[{"href":"https:\/\/dewintech.com\/fr\/wp-json\/wp\/v2\/pages\/6162","targetHints":{"allow":["GET"]}}],"collection":[{"href":"https:\/\/dewintech.com\/fr\/wp-json\/wp\/v2\/pages"}],"about":[{"href":"https:\/\/dewintech.com\/fr\/wp-json\/wp\/v2\/types\/page"}],"author":[{"embeddable":true,"href":"https:\/\/dewintech.com\/fr\/wp-json\/wp\/v2\/users\/5"}],"replies":[{"embeddable":true,"href":"https:\/\/dewintech.com\/fr\/wp-json\/wp\/v2\/comments?post=6162"}],"version-history":[{"count":3,"href":"https:\/\/dewintech.com\/fr\/wp-json\/wp\/v2\/pages\/6162\/revisions"}],"predecessor-version":[{"id":6168,"href":"https:\/\/dewintech.com\/fr\/wp-json\/wp\/v2\/pages\/6162\/revisions\/6168"}],"wp:attachment":[{"href":"https:\/\/dewintech.com\/fr\/wp-json\/wp\/v2\/media?parent=6162"}],"curies":[{"name":"wp","href":"https:\/\/api.w.org\/{rel}","templated":true}]}}