{"id":4846,"date":"2025-04-09T12:08:22","date_gmt":"2025-04-09T04:08:22","guid":{"rendered":"https:\/\/dewintech.com\/?page_id=4846"},"modified":"2025-07-16T17:46:51","modified_gmt":"2025-07-16T09:46:51","slug":"politique-de-cookies","status":"publish","type":"page","link":"https:\/\/dewintech.com\/fr\/cookie-policy\/","title":{"rendered":"Politique relative aux cookies"},"content":{"rendered":"<h1>Politique relative aux cookies<\/h1>\n<p>Cette politique relative aux cookies (\u201c Politique \u201d) d\u00e9crit ce que sont les cookies et comment ils sont utilis\u00e9s par le <a href=\"https:\/\/dewintech.com\/fr\/\">dewintech.com<\/a> site web (\u201c Site web \u201d ou \u201c Service \u201d) et tous ses produits et services connexes (collectivement, les \u201c Services \u201d). Cette Politique constitue un accord juridiquement contraignant entre vous (\u201c Utilisateur \u201d, \u201c vous \u201d ou \u201c votre \u201d) et Dewin Technology Pte. Ltd. (agissant sous le nom de \u201c DEWIN \u201d, \u201c nous \u201d, \u201c notre \u201d ou \u201c nos \u201d). Si vous concluez cette Politique au nom d'une entreprise ou d'une autre entit\u00e9 juridique, vous d\u00e9clarez avoir l'autorit\u00e9 n\u00e9cessaire pour lier cette entit\u00e9 \u00e0 cette Politique, auquel cas les termes \u201c Utilisateur \u201d, \u201c vous \u201d ou \u201c votre \u201d d\u00e9signeront cette entit\u00e9. Si vous n'avez pas cette autorit\u00e9, ou si vous n'\u00eates pas d'accord avec les termes de cette Politique, vous ne devez pas accepter cette Politique et vous ne pouvez pas acc\u00e9der ni utiliser le Site web et les Services. Vous devriez lire cette Politique afin de comprendre les types de cookies que nous utilisons, les informations que nous collectons \u00e0 l'aide de cookies et comment ces informations sont utilis\u00e9es. Elle d\u00e9crit \u00e9galement les choix qui s'offrent \u00e0 vous concernant l'acceptation ou le refus de l'utilisation des cookies. Pour plus d'informations sur la mani\u00e8re dont nous utilisons, stockons et s\u00e9curisons vos donn\u00e9es personnelles, veuillez consulter notre <a href=\"https:\/\/dewintech.com\/fr\/politique-de-confidentialite\/\">politique de confidentialit\u00e9<\/a>.<\/p>\n<div class=\"index\">\n<h3>Table des mati\u00e8res<\/h3>\n<ol class=\"index\">\n<li><a href=\"#what-are-cookies\">Que sont les cookies ?<\/a><\/li>\n<li><a href=\"#what-type-of-cookies-do-we-use\">Quel type de cookies utilisons-nous ?<\/a><\/li>\n<li><a href=\"#what-are-your-cookie-options\">Quelles sont vos options concernant les cookies ?<\/a><\/li>\n<li><a href=\"#changes-and-amendments\">Modifications et amendements<\/a><\/li>\n<li><a href=\"#acceptance-of-this-policy\">Acceptation de cette politique<\/a><\/li>\n<li><a href=\"#contacting-us\">Nous contacter<\/a><\/li>\n<\/ol>\n<\/div>\n<h2 id=\"what-are-cookies\">Que sont les cookies ?<\/h2>\n<p>Les cookies sont de petits morceaux de donn\u00e9es stock\u00e9s dans des fichiers texte qui sont enregistr\u00e9s sur votre ordinateur ou d'autres appareils lorsque les sites web sont charg\u00e9s dans un navigateur. Ils sont largement utilis\u00e9s pour vous m\u00e9moriser, ainsi que vos pr\u00e9f\u00e9rences, soit pour une seule visite (via un \u201c cookie de session \u201d), soit pour plusieurs visites r\u00e9p\u00e9t\u00e9es (en utilisant un \u201c cookie persistant \u201d).<\/p>\n<p>Les cookies de session sont des cookies temporaires utilis\u00e9s pendant votre visite sur le Site web, et ils expirent lorsque vous fermez le navigateur web.<\/p>\n<p>Les cookies persistants sont utilis\u00e9s pour m\u00e9moriser vos pr\u00e9f\u00e9rences sur notre Site web et restent sur votre appareil de bureau ou mobile m\u00eame apr\u00e8s la fermeture de votre navigateur ou le red\u00e9marrage de votre ordinateur. Ils garantissent une exp\u00e9rience coh\u00e9rente et efficace lorsque vous visitez le Site web et les Services.<\/p>\n<p>Les cookies peuvent \u00eatre d\u00e9finis par le Site web (\u201c cookies de premi\u00e8re partie \u201d), ou par des tiers, tels que ceux qui fournissent du contenu, de la publicit\u00e9 ou des services d'analyse sur le Site web (\u201c cookies de tierce partie \u201d). Ces tiers peuvent vous reconna\u00eetre lorsque vous visitez notre site web, ainsi que lorsque vous visitez certains autres sites web.<\/p>\n<h2 id=\"what-type-of-cookies-do-we-use\">Quel type de cookies utilisons-nous ?<\/h2>\n<h3>Cookies n\u00e9cessaires<\/h3>\n<p>Les cookies n\u00e9cessaires nous permettent de vous offrir la meilleure exp\u00e9rience possible lors de l'acc\u00e8s et de la navigation sur notre site Web et de l'utilisation de ses fonctionnalit\u00e9s. Par exemple, ces cookies nous permettent de reconna\u00eetre que vous avez cr\u00e9\u00e9 un compte et que vous vous \u00eates connect\u00e9 \u00e0 ce compte pour acc\u00e9der au contenu.<\/p>\n<h3>Cookies de fonctionnalit\u00e9<\/h3>\n<p>Les cookies de fonctionnalit\u00e9 nous permettent de faire fonctionner le site Web et les services conform\u00e9ment aux choix que vous faites. Par exemple, nous reconna\u00eetrons votre nom d'utilisateur et nous nous souviendrons de la fa\u00e7on dont vous avez personnalis\u00e9 le site Web et les services lors de vos futures visites.<\/p>\n<h2 id=\"what-are-your-cookie-options\">Quelles sont vos options concernant les cookies ?<\/h2>\n<p>Si l'id\u00e9e des cookies ou de certains types de cookies ne vous pla\u00eet pas, vous pouvez modifier les param\u00e8tres de votre navigateur pour supprimer les cookies d\u00e9j\u00e0 d\u00e9finis et pour ne pas accepter de nouveaux cookies. Visitez <a href=\"https:\/\/www.internetcookies.com\" ref=\"nofollow noreferrer noopener external\">internetcookies.com<\/a> pour en savoir plus sur la fa\u00e7on de proc\u00e9der.<\/p>\n<h2 id=\"changes-and-amendments\">Modifications et amendements<\/h2>\n<p>Nous nous r\u00e9servons le droit de modifier cette politique ou ses conditions relatives au site Web et aux services \u00e0 tout moment, \u00e0 notre discr\u00e9tion. Lorsque nous le ferons, nous r\u00e9viserons la date de mise \u00e0 jour en bas de cette page. Nous pouvons \u00e9galement vous informer d'autres mani\u00e8res, \u00e0 notre discr\u00e9tion, par exemple par le biais des informations de contact que vous avez fournies.<\/p>\n<p>Une version mise \u00e0 jour de cette politique entrera en vigueur imm\u00e9diatement apr\u00e8s la publication de la politique r\u00e9vis\u00e9e, sauf indication contraire. Votre utilisation continue du site Web et des services apr\u00e8s la date d'entr\u00e9e en vigueur de la politique r\u00e9vis\u00e9e (ou tout autre acte sp\u00e9cifi\u00e9 \u00e0 ce moment-l\u00e0) constituera votre consentement \u00e0 ces modifications.<\/p>\n<h2 id=\"acceptance-of-this-policy\">Acceptation de cette politique<\/h2>\n<p>Vous reconnaissez avoir lu cette politique et accepter toutes ses conditions g\u00e9n\u00e9rales. En acc\u00e9dant et en utilisant le site Web et les services, vous acceptez d'\u00eatre li\u00e9 par cette politique. Si vous n'acceptez pas de respecter les termes de cette politique, vous n'\u00eates pas autoris\u00e9 \u00e0 acc\u00e9der ou \u00e0 utiliser le site Web et les services. Cette politique a \u00e9t\u00e9 cr\u00e9\u00e9e avec l'aide du <a href=\"https:\/\/www.websitepolicies.com\/cookie-policy-generator\">g\u00e9n\u00e9rateur de politique de cookies<\/a>.<\/p>\n<h2 id=\"contacting-us\">Nous contacter<\/h2>\n<p>Si vous avez des questions, des pr\u00e9occupations ou des plaintes concernant cette politique ou l'utilisation des cookies, nous vous encourageons \u00e0 nous contacter en utilisant les coordonn\u00e9es ci-dessous :<\/p>\n<p><a href=\"mailto:in**@*******ch.com\" data-original-string=\"6WIie656rPLDDJ5J60rbPg==55arHVLaOsTMeuwCTvjqb7WjXMfvNK1BdrG6q03wxWUC9I=\" title=\"This contact has been encoded by Anti-Spam by CleanTalk. Click to decode. To finish the decoding make sure that JavaScript is enabled in your browser.\"><span \n                data-original-string='\/fFw20TL3pEw2qZjrENeng==55aawrxBd0O0Zy3yUx7yPk2cqFLcLw1XL8OP6iUWVGhhyY='\n                class='apbct-email-encoder'\n                title='This contact has been encoded by Anti-Spam by CleanTalk. Click to decode. To finish the decoding make sure that JavaScript is enabled in your browser.'>in<span class=\"apbct-blur\">**<\/span>@<span class=\"apbct-blur\">*******<\/span>ch.com<\/span><\/a><\/p>\n<p>Ce document a \u00e9t\u00e9 mis \u00e0 jour pour la derni\u00e8re fois le 9 avril 2025<\/p>","protected":false},"excerpt":{"rendered":"<p>Cookie policy This cookie policy (\u201cPolicy\u201d) describes what cookies are and how they\u2019re being used by the dewintech.com website (\u201cWebsite\u201d or \u201cService\u201d) and any of its related products and services (collectively, \u201cServices\u201d). This Policy is a legally binding agreement between you (\u201cUser\u201d, \u201cyou\u201d or \u201cyour\u201d) and Dewin Technology Pte. Ltd. (doing business as \u201cDEWIN\u201d, \u201cwe\u201d, [&hellip;]<\/p>\n","protected":false},"author":1,"featured_media":0,"parent":0,"menu_order":0,"comment_status":"closed","ping_status":"closed","template":"","meta":{"footnotes":""},"class_list":["post-4846","page","type-page","status-publish","hentry"],"yoast_head":"<!-- This site is optimized with the Yoast SEO Premium plugin v27.0 (Yoast SEO v27.3) - https:\/\/yoast.com\/product\/yoast-seo-premium-wordpress\/ -->\n<title>Cookie Policy - Dewin - Help You Make Custom Parts &amp; Assembilies in Vietnam &amp; China<\/title>\n<meta name=\"robots\" content=\"index, follow, max-snippet:-1, max-image-preview:large, max-video-preview:-1\" \/>\n<link rel=\"canonical\" href=\"https:\/\/dewintech.com\/fr\/politique-de-cookies\/\" \/>\n<meta property=\"og:locale\" content=\"fr_FR\" \/>\n<meta property=\"og:type\" content=\"article\" \/>\n<meta property=\"og:title\" content=\"Cookie Policy\" \/>\n<meta property=\"og:description\" content=\"Cookie policy This cookie policy (\u201cPolicy\u201d) describes what cookies are and how they\u2019re being used by the dewintech.com website (\u201cWebsite\u201d or \u201cService\u201d) and any of its related products and services (collectively, \u201cServices\u201d). This Policy is a legally binding agreement between you (\u201cUser\u201d, \u201cyou\u201d or \u201cyour\u201d) and Dewin Technology Pte. Ltd. (doing business as \u201cDEWIN\u201d, \u201cwe\u201d, [&hellip;]\" \/>\n<meta property=\"og:url\" content=\"https:\/\/dewintech.com\/fr\/politique-de-cookies\/\" \/>\n<meta property=\"og:site_name\" content=\"Dewin - Help You Make Custom Parts &amp; Assembilies in Vietnam &amp; China\" \/>\n<meta property=\"article:modified_time\" content=\"2025-07-16T09:46:51+00:00\" \/>\n<meta name=\"twitter:card\" content=\"summary_large_image\" \/>\n<meta name=\"twitter:label1\" content=\"Dur\u00e9e de lecture estim\u00e9e\" \/>\n\t<meta name=\"twitter:data1\" content=\"4 minutes\" \/>\n<!-- \/ Yoast SEO Premium plugin. -->","yoast_head_json":{"title":"Cookie Policy - Dewin - Help You Make Custom Parts &amp; Assembilies in Vietnam &amp; China","robots":{"index":"index","follow":"follow","max-snippet":"max-snippet:-1","max-image-preview":"max-image-preview:large","max-video-preview":"max-video-preview:-1"},"canonical":"https:\/\/dewintech.com\/fr\/politique-de-cookies\/","og_locale":"fr_FR","og_type":"article","og_title":"Cookie Policy","og_description":"Cookie policy This cookie policy (\u201cPolicy\u201d) describes what cookies are and how they\u2019re being used by the dewintech.com website (\u201cWebsite\u201d or \u201cService\u201d) and any of its related products and services (collectively, \u201cServices\u201d). This Policy is a legally binding agreement between you (\u201cUser\u201d, \u201cyou\u201d or \u201cyour\u201d) and Dewin Technology Pte. Ltd. (doing business as \u201cDEWIN\u201d, \u201cwe\u201d, [&hellip;]","og_url":"https:\/\/dewintech.com\/fr\/politique-de-cookies\/","og_site_name":"Dewin - Help You Make Custom Parts &amp; Assembilies in Vietnam &amp; China","article_modified_time":"2025-07-16T09:46:51+00:00","twitter_card":"summary_large_image","twitter_misc":{"Dur\u00e9e de lecture estim\u00e9e":"4 minutes"},"schema":{"@context":"https:\/\/schema.org","@graph":[{"@type":"WebPage","@id":"https:\/\/dewintech.com\/cookie-policy\/","url":"https:\/\/dewintech.com\/cookie-policy\/","name":"Cookie Policy - Dewin - Help You Make Custom Parts &amp; Assembilies in Vietnam &amp; China","isPartOf":{"@id":"https:\/\/dewintech.com\/#website"},"datePublished":"2025-04-09T04:08:22+00:00","dateModified":"2025-07-16T09:46:51+00:00","breadcrumb":{"@id":"https:\/\/dewintech.com\/cookie-policy\/#breadcrumb"},"inLanguage":"fr-FR","potentialAction":[{"@type":"ReadAction","target":["https:\/\/dewintech.com\/cookie-policy\/"]}]},{"@type":"BreadcrumbList","@id":"https:\/\/dewintech.com\/cookie-policy\/#breadcrumb","itemListElement":[{"@type":"ListItem","position":1,"name":"Home","item":"https:\/\/dewintech.com\/"},{"@type":"ListItem","position":2,"name":"Cookie Policy"}]},{"@type":"WebSite","@id":"https:\/\/dewintech.com\/#website","url":"https:\/\/dewintech.com\/","name":"Dewin - Aide \u00e0 la fabrication de pi\u00e8ces personnalis\u00e9es au Vietnam et en Chine","description":"Sp\u00e9cialis\u00e9 dans les composants m\u00e9talliques et plastiques pour applications industrielles et grand public \u2014 de l'approvisionnement aupr\u00e8s des fournisseurs \u00e0 la fabrication, au contr\u00f4le qualit\u00e9 et \u00e0 la livraison mondiale.","publisher":{"@id":"https:\/\/dewintech.com\/#organization"},"potentialAction":[{"@type":"SearchAction","target":{"@type":"EntryPoint","urlTemplate":"https:\/\/dewintech.com\/?s={search_term_string}"},"query-input":{"@type":"PropertyValueSpecification","valueRequired":true,"valueName":"search_term_string"}}],"inLanguage":"fr-FR"},{"@type":"Organization","@id":"https:\/\/dewintech.com\/#organization","name":"Dewin","url":"https:\/\/dewintech.com\/","logo":{"@type":"ImageObject","inLanguage":"fr-FR","@id":"https:\/\/dewintech.com\/#\/schema\/logo\/image\/","url":"https:\/\/dewintech.com\/wp-content\/uploads\/2021\/06\/DEWIN-\u4f4d\u56fe-JPEG-\u5927.jpg","contentUrl":"https:\/\/dewintech.com\/wp-content\/uploads\/2021\/06\/DEWIN-\u4f4d\u56fe-JPEG-\u5927.jpg","width":1099,"height":475,"caption":"Dewin"},"image":{"@id":"https:\/\/dewintech.com\/#\/schema\/logo\/image\/"}}]}},"_hostinger_reach_plugin_has_subscription_block":false,"_hostinger_reach_plugin_is_elementor":false,"_links":{"self":[{"href":"https:\/\/dewintech.com\/fr\/wp-json\/wp\/v2\/pages\/4846","targetHints":{"allow":["GET"]}}],"collection":[{"href":"https:\/\/dewintech.com\/fr\/wp-json\/wp\/v2\/pages"}],"about":[{"href":"https:\/\/dewintech.com\/fr\/wp-json\/wp\/v2\/types\/page"}],"author":[{"embeddable":true,"href":"https:\/\/dewintech.com\/fr\/wp-json\/wp\/v2\/users\/1"}],"replies":[{"embeddable":true,"href":"https:\/\/dewintech.com\/fr\/wp-json\/wp\/v2\/comments?post=4846"}],"version-history":[{"count":0,"href":"https:\/\/dewintech.com\/fr\/wp-json\/wp\/v2\/pages\/4846\/revisions"}],"wp:attachment":[{"href":"https:\/\/dewintech.com\/fr\/wp-json\/wp\/v2\/media?parent=4846"}],"curies":[{"name":"wp","href":"https:\/\/api.w.org\/{rel}","templated":true}]}}