{"id":41,"date":"2020-11-09T06:50:58","date_gmt":"2020-11-09T06:50:58","guid":{"rendered":"https:\/\/dewintech.com\/?page_id=41"},"modified":"2026-04-08T14:17:06","modified_gmt":"2026-04-08T06:17:06","slug":"product","status":"publish","type":"page","link":"https:\/\/dewintech.com\/fr\/product\/","title":{"rendered":"Produit"},"content":{"rendered":"<p>Ceci est une page produit pour montrer ce que nous pouvons fabriquer.<\/p>","protected":false},"excerpt":{"rendered":"<p>Ceci est une page produit pour montrer ce que nous pouvons fabriquer.<\/p>","protected":false},"author":1,"featured_media":0,"parent":0,"menu_order":0,"comment_status":"closed","ping_status":"closed","template":"","meta":{"footnotes":""},"class_list":["post-41","page","type-page","status-publish","hentry"],"yoast_head":"<!-- This site is optimized with the Yoast SEO Premium plugin v27.0 (Yoast SEO v27.4) - https:\/\/yoast.com\/product\/yoast-seo-premium-wordpress\/ -->\n<title>Product - Dewin - Help You Make Custom Parts &amp; Assembilies in Vietnam &amp; China<\/title>\n<meta name=\"description\" content=\"Explore Dewin custom parts manufacturing services including die casting, CNC machining, injection molding, and OEM production in China and Vietnam.\" \/>\n<meta name=\"robots\" content=\"index, follow, max-snippet:-1, max-image-preview:large, max-video-preview:-1\" \/>\n<link rel=\"canonical\" href=\"https:\/\/dewintech.com\/fr\/product\/\" \/>\n<meta property=\"og:locale\" content=\"fr_FR\" \/>\n<meta property=\"og:type\" content=\"article\" \/>\n<meta property=\"og:title\" content=\"Product\" \/>\n<meta property=\"og:description\" content=\"Explore Dewin custom parts manufacturing services including die casting, CNC machining, injection molding, and OEM production in China and Vietnam.\" \/>\n<meta property=\"og:url\" content=\"https:\/\/dewintech.com\/fr\/product\/\" \/>\n<meta property=\"og:site_name\" content=\"Dewin - Help You Make Custom Parts &amp; Assembilies in Vietnam &amp; China\" \/>\n<meta property=\"article:modified_time\" content=\"2026-04-08T06:17:06+00:00\" \/>\n<meta name=\"twitter:card\" content=\"summary_large_image\" \/>\n<meta name=\"twitter:label1\" content=\"Dur\u00e9e de lecture estim\u00e9e\" \/>\n\t<meta name=\"twitter:data1\" content=\"1 minute\" \/>\n<!-- \/ Yoast SEO Premium plugin. -->","yoast_head_json":{"title":"Product - Dewin - Help You Make Custom Parts &amp; Assembilies in Vietnam &amp; China","description":"Explorez les services de fabrication de pi\u00e8ces personnalis\u00e9es de Dewin, notamment le moulage sous pression, l'usinage CNC, le moulage par injection et la production OEM en Chine et au Vietnam.","robots":{"index":"index","follow":"follow","max-snippet":"max-snippet:-1","max-image-preview":"max-image-preview:large","max-video-preview":"max-video-preview:-1"},"canonical":"https:\/\/dewintech.com\/fr\/product\/","og_locale":"fr_FR","og_type":"article","og_title":"Product","og_description":"Explore Dewin custom parts manufacturing services including die casting, CNC machining, injection molding, and OEM production in China and Vietnam.","og_url":"https:\/\/dewintech.com\/fr\/product\/","og_site_name":"Dewin - Help You Make Custom Parts &amp; Assembilies in Vietnam &amp; China","article_modified_time":"2026-04-08T06:17:06+00:00","twitter_card":"summary_large_image","twitter_misc":{"Dur\u00e9e de lecture estim\u00e9e":"1 minute"},"schema":{"@context":"https:\/\/schema.org","@graph":[{"@type":"WebPage","@id":"https:\/\/dewintech.com\/product\/","url":"https:\/\/dewintech.com\/product\/","name":"Product - Dewin - Help You Make Custom Parts &amp; Assembilies in Vietnam &amp; China","isPartOf":{"@id":"https:\/\/dewintech.com\/#website"},"datePublished":"2020-11-09T06:50:58+00:00","dateModified":"2026-04-08T06:17:06+00:00","description":"Explorez les services de fabrication de pi\u00e8ces personnalis\u00e9es de Dewin, notamment le moulage sous pression, l'usinage CNC, le moulage par injection et la production OEM en Chine et au Vietnam.","breadcrumb":{"@id":"https:\/\/dewintech.com\/product\/#breadcrumb"},"inLanguage":"fr-FR","potentialAction":[{"@type":"ReadAction","target":["https:\/\/dewintech.com\/product\/"]}]},{"@type":"BreadcrumbList","@id":"https:\/\/dewintech.com\/product\/#breadcrumb","itemListElement":[{"@type":"ListItem","position":1,"name":"Home","item":"https:\/\/dewintech.com\/"},{"@type":"ListItem","position":2,"name":"Product"}]},{"@type":"WebSite","@id":"https:\/\/dewintech.com\/#website","url":"https:\/\/dewintech.com\/","name":"Dewin - Aide \u00e0 la fabrication de pi\u00e8ces personnalis\u00e9es au Vietnam et en Chine","description":"Sp\u00e9cialis\u00e9 dans les composants m\u00e9talliques et plastiques pour applications industrielles et grand public \u2014 de l'approvisionnement aupr\u00e8s des fournisseurs \u00e0 la fabrication, au contr\u00f4le qualit\u00e9 et \u00e0 la livraison mondiale.","publisher":{"@id":"https:\/\/dewintech.com\/#organization"},"potentialAction":[{"@type":"SearchAction","target":{"@type":"EntryPoint","urlTemplate":"https:\/\/dewintech.com\/?s={search_term_string}"},"query-input":{"@type":"PropertyValueSpecification","valueRequired":true,"valueName":"search_term_string"}}],"inLanguage":"fr-FR"},{"@type":"Organization","@id":"https:\/\/dewintech.com\/#organization","name":"Dewin","url":"https:\/\/dewintech.com\/","logo":{"@type":"ImageObject","inLanguage":"fr-FR","@id":"https:\/\/dewintech.com\/#\/schema\/logo\/image\/","url":"https:\/\/dewintech.com\/wp-content\/uploads\/2021\/06\/DEWIN-\u4f4d\u56fe-JPEG-\u5927.jpg","contentUrl":"https:\/\/dewintech.com\/wp-content\/uploads\/2021\/06\/DEWIN-\u4f4d\u56fe-JPEG-\u5927.jpg","width":1099,"height":475,"caption":"Dewin"},"image":{"@id":"https:\/\/dewintech.com\/#\/schema\/logo\/image\/"}}]}},"_hostinger_reach_plugin_has_subscription_block":false,"_hostinger_reach_plugin_is_elementor":false,"_links":{"self":[{"href":"https:\/\/dewintech.com\/fr\/wp-json\/wp\/v2\/pages\/41","targetHints":{"allow":["GET"]}}],"collection":[{"href":"https:\/\/dewintech.com\/fr\/wp-json\/wp\/v2\/pages"}],"about":[{"href":"https:\/\/dewintech.com\/fr\/wp-json\/wp\/v2\/types\/page"}],"author":[{"embeddable":true,"href":"https:\/\/dewintech.com\/fr\/wp-json\/wp\/v2\/users\/1"}],"replies":[{"embeddable":true,"href":"https:\/\/dewintech.com\/fr\/wp-json\/wp\/v2\/comments?post=41"}],"version-history":[{"count":1,"href":"https:\/\/dewintech.com\/fr\/wp-json\/wp\/v2\/pages\/41\/revisions"}],"predecessor-version":[{"id":42,"href":"https:\/\/dewintech.com\/fr\/wp-json\/wp\/v2\/pages\/41\/revisions\/42"}],"wp:attachment":[{"href":"https:\/\/dewintech.com\/fr\/wp-json\/wp\/v2\/media?parent=41"}],"curies":[{"name":"wp","href":"https:\/\/api.w.org\/{rel}","templated":true}]}}