{"id":1151,"date":"2021-06-17T20:28:23","date_gmt":"2021-06-17T12:28:23","guid":{"rendered":"https:\/\/dewintech.com\/?page_id=1151"},"modified":"2021-06-21T19:34:51","modified_gmt":"2021-06-21T11:34:51","slug":"merci-ma","status":"publish","type":"page","link":"https:\/\/dewintech.com\/fr\/thank-you-ma\/","title":{"rendered":"Merci ma"},"content":{"rendered":"<div data-elementor-type=\"wp-page\" data-elementor-id=\"1151\" class=\"elementor elementor-1151\" data-elementor-post-type=\"page\">\n\t\t\t\t\t\t<section class=\"elementor-section elementor-top-section elementor-element elementor-element-09b590c elementor-section-boxed ang-section-padding-initial elementor-section-height-default elementor-section-height-default elementor-repeater-item-none elementor-repeater-item-none_hover\" data-id=\"09b590c\" data-element_type=\"section\" data-e-type=\"section\">\n\t\t\t\t\t\t<div class=\"elementor-container elementor-column-gap-default\">\n\t\t\t\t\t<div class=\"elementor-column elementor-col-100 elementor-top-column elementor-element elementor-element-b39aa0f elementor-repeater-item-none elementor-repeater-item-none_hover\" data-id=\"b39aa0f\" data-element_type=\"column\" data-e-type=\"column\">\n\t\t\t<div class=\"elementor-widget-wrap elementor-element-populated\">\n\t\t\t\t\t\t<div class=\"elementor-element elementor-element-d5e513f elementor-repeater-item-none elementor-repeater-item-none_hover elementor-widget elementor-widget-heading\" data-id=\"d5e513f\" data-element_type=\"widget\" data-e-type=\"widget\" data-widget_type=\"heading.default\">\n\t\t\t\t\t<h1 class=\"elementor-heading-title elementor-size-default\">Merci !<\/h1>\t\t\t\t<\/div>\n\t\t\t\t\t<\/div>\n\t\t<\/div>\n\t\t\t\t\t<\/div>\n\t\t<\/section>\n\t\t\t\t<section class=\"elementor-section elementor-top-section elementor-element elementor-element-a475dbf elementor-section-boxed ang-section-padding-initial elementor-section-height-default elementor-section-height-default elementor-repeater-item-none elementor-repeater-item-none_hover\" data-id=\"a475dbf\" data-element_type=\"section\" data-e-type=\"section\">\n\t\t\t\t\t\t<div class=\"elementor-container elementor-column-gap-default\">\n\t\t\t\t\t<div class=\"elementor-column elementor-col-50 elementor-top-column elementor-element elementor-element-e7d9c12 elementor-repeater-item-none elementor-repeater-item-none_hover\" data-id=\"e7d9c12\" data-element_type=\"column\" data-e-type=\"column\">\n\t\t\t<div class=\"elementor-widget-wrap elementor-element-populated\">\n\t\t\t\t\t\t<div class=\"elementor-element elementor-element-91ee288 external_elementor-repeater-item-none_external elementor-repeater-item-none elementor-repeater-item-none_hover elementor-widget elementor-widget-image\" data-id=\"91ee288\" data-element_type=\"widget\" data-e-type=\"widget\" data-widget_type=\"image.default\">\n\t\t\t\t\t\t\t\t\t\t\t\t\t\t\t<img fetchpriority=\"high\" decoding=\"async\" width=\"600\" height=\"426\" src=\"https:\/\/dewintech.com\/wp-content\/uploads\/2021\/06\/Thank-you-office.png\" class=\"attachment-large size-large wp-image-1152\" alt=\"\" srcset=\"https:\/\/dewintech.com\/wp-content\/uploads\/2021\/06\/Thank-you-office.png 600w, https:\/\/dewintech.com\/wp-content\/uploads\/2021\/06\/Thank-you-office-300x213.png 300w\" sizes=\"(max-width: 600px) 100vw, 600px\" \/>\t\t\t\t\t\t\t\t\t\t\t\t\t\t\t<\/div>\n\t\t\t\t\t<\/div>\n\t\t<\/div>\n\t\t\t\t<div class=\"elementor-column elementor-col-50 elementor-top-column elementor-element elementor-element-362030e elementor-repeater-item-none elementor-repeater-item-none_hover\" data-id=\"362030e\" data-element_type=\"column\" data-e-type=\"column\">\n\t\t\t<div class=\"elementor-widget-wrap elementor-element-populated\">\n\t\t\t\t\t\t<div class=\"elementor-element elementor-element-99d1f71 elementor-repeater-item-none elementor-repeater-item-none_hover elementor-widget elementor-widget-text-editor\" data-id=\"99d1f71\" data-element_type=\"widget\" data-e-type=\"widget\" data-widget_type=\"text-editor.default\">\n\t\t\t\t\t\t\t\t\t<p>Le message a \u00e9t\u00e9 envoy\u00e9 avec succ\u00e8s.<\/p><p>Nous vous contacterons dans un d\u00e9lai d'un jour ouvrable. Veuillez pr\u00eater attention \u00e0 l'e-mail avec le suffixe \u201c<strong>@dewintech.com<\/strong>\u201c.<\/p><p>Nous esp\u00e9rons commencer bient\u00f4t une coop\u00e9ration \u00e0 long terme, passez une merveilleuse journ\u00e9e !<\/p>\t\t\t\t\t\t\t\t<\/div>\n\t\t\t\t<div class=\"elementor-element elementor-element-95bad5e elementor-repeater-item-none elementor-repeater-item-none_hover elementor-widget elementor-widget-button\" data-id=\"95bad5e\" data-element_type=\"widget\" data-e-type=\"widget\" data-widget_type=\"button.default\">\n\t\t\t\t\t\t\t\t\t\t<a class=\"elementor-button elementor-button-link elementor-size-sm\" href=\"https:\/\/dewintech.com\/wp-content\/uploads\/2021\/06\/Monitor-Arm-Catalog.pdf\" target=\"_blank\">\n\t\t\t\t\t\t<span class=\"elementor-button-content-wrapper\">\n\t\t\t\t\t\t<span class=\"elementor-button-icon\">\n\t\t\t\t<svg aria-hidden=\"true\" class=\"e-font-icon-svg e-fas-download\" viewbox=\"0 0 512 512\" xmlns=\"http:\/\/www.w3.org\/2000\/svg\"><path d=\"M216 0h80c13.3 0 24 10.7 24 24v168h87.7c17.8 0 26.7 21.5 14.1 34.1L269.7 378.3c-7.5 7.5-19.8 7.5-27.3 0L90.1 226.1c-12.6-12.6-3.7-34.1 14.1-34.1H192V24c0-13.3 10.7-24 24-24zm296 376v112c0 13.3-10.7 24-24 24H24c-13.3 0-24-10.7-24-24V376c0-13.3 10.7-24 24-24h146.7l49 49c20.1 20.1 52.5 20.1 72.6 0l49-49H488c13.3 0 24 10.7 24 24zm-124 88c0-11-9-20-20-20s-20 9-20 20 9 20 20 20 20-9 20-20zm64 0c0-11-9-20-20-20s-20 9-20 20 9 20 20 20 20-9 20-20z\"><\/path><\/svg>\t\t\t<\/span>\n\t\t\t\t\t\t\t\t\t<span class=\"elementor-button-text\">T\u00e9l\u00e9charger le catalogue 16,7 Mo<\/span>\n\t\t\t\t\t<\/span>\n\t\t\t\t\t<\/a>\n\t\t\t\t\t\t\t\t<\/div>\n\t\t\t\t\t<\/div>\n\t\t<\/div>\n\t\t\t\t\t<\/div>\n\t\t<\/section>\n\t\t\t\t<\/div>","protected":false},"excerpt":{"rendered":"<p>Thank You! The message was sent successfully. We will contact you within 1 working day. Please pay attention to the email with the suffix &#8220;@dewintech.com&#8220;. Hope we start a long term cooperation soon, have a wonderful day! Download Catalog 16.7 MB<\/p>","protected":false},"author":1,"featured_media":0,"parent":0,"menu_order":0,"comment_status":"closed","ping_status":"closed","template":"","meta":{"footnotes":""},"class_list":["post-1151","page","type-page","status-publish","hentry"],"yoast_head":"<!-- This site is optimized with the Yoast SEO Premium plugin v27.0 (Yoast SEO v27.3) - https:\/\/yoast.com\/product\/yoast-seo-premium-wordpress\/ -->\n<title>Thank you ma - Dewin - Help You Make Custom Parts &amp; Assembilies in Vietnam &amp; China<\/title>\n<meta name=\"robots\" content=\"index, follow, max-snippet:-1, max-image-preview:large, max-video-preview:-1\" \/>\n<link rel=\"canonical\" href=\"https:\/\/dewintech.com\/fr\/merci-ma\/\" \/>\n<meta property=\"og:locale\" content=\"fr_FR\" \/>\n<meta property=\"og:type\" content=\"article\" \/>\n<meta property=\"og:title\" content=\"Thank you ma\" \/>\n<meta property=\"og:description\" content=\"Thank You! The message was sent successfully. We will contact you within 1 working day. Please pay attention to the email with the suffix &#8220;@dewintech.com&#8220;. Hope we start a long term cooperation soon, have a wonderful day! Download Catalog 16.7 MB\" \/>\n<meta property=\"og:url\" content=\"https:\/\/dewintech.com\/fr\/merci-ma\/\" \/>\n<meta property=\"og:site_name\" content=\"Dewin - Help You Make Custom Parts &amp; Assembilies in Vietnam &amp; China\" \/>\n<meta property=\"article:modified_time\" content=\"2021-06-21T11:34:51+00:00\" \/>\n<meta property=\"og:image\" content=\"https:\/\/dewintech.com\/wp-content\/uploads\/2021\/06\/Thank-you-office.png\" \/>\n<meta name=\"twitter:card\" content=\"summary_large_image\" \/>\n<!-- \/ Yoast SEO Premium plugin. -->","yoast_head_json":{"title":"Thank you ma - Dewin - Help You Make Custom Parts &amp; Assembilies in Vietnam &amp; China","robots":{"index":"index","follow":"follow","max-snippet":"max-snippet:-1","max-image-preview":"max-image-preview:large","max-video-preview":"max-video-preview:-1"},"canonical":"https:\/\/dewintech.com\/fr\/merci-ma\/","og_locale":"fr_FR","og_type":"article","og_title":"Thank you ma","og_description":"Thank You! The message was sent successfully. We will contact you within 1 working day. Please pay attention to the email with the suffix &#8220;@dewintech.com&#8220;. Hope we start a long term cooperation soon, have a wonderful day! Download Catalog 16.7 MB","og_url":"https:\/\/dewintech.com\/fr\/merci-ma\/","og_site_name":"Dewin - Help You Make Custom Parts &amp; Assembilies in Vietnam &amp; China","article_modified_time":"2021-06-21T11:34:51+00:00","og_image":[{"url":"https:\/\/dewintech.com\/wp-content\/uploads\/2021\/06\/Thank-you-office.png","type":"","width":"","height":""}],"twitter_card":"summary_large_image","schema":{"@context":"https:\/\/schema.org","@graph":[{"@type":"WebPage","@id":"https:\/\/dewintech.com\/thank-you-ma\/","url":"https:\/\/dewintech.com\/thank-you-ma\/","name":"Thank you ma - Dewin - Help You Make Custom Parts &amp; Assembilies in Vietnam &amp; China","isPartOf":{"@id":"https:\/\/dewintech.com\/#website"},"primaryImageOfPage":{"@id":"https:\/\/dewintech.com\/thank-you-ma\/#primaryimage"},"image":{"@id":"https:\/\/dewintech.com\/thank-you-ma\/#primaryimage"},"thumbnailUrl":"https:\/\/dewintech.com\/wp-content\/uploads\/2021\/06\/Thank-you-office.png","datePublished":"2021-06-17T12:28:23+00:00","dateModified":"2021-06-21T11:34:51+00:00","breadcrumb":{"@id":"https:\/\/dewintech.com\/thank-you-ma\/#breadcrumb"},"inLanguage":"fr-FR","potentialAction":[{"@type":"ReadAction","target":["https:\/\/dewintech.com\/thank-you-ma\/"]}]},{"@type":"ImageObject","inLanguage":"fr-FR","@id":"https:\/\/dewintech.com\/thank-you-ma\/#primaryimage","url":"https:\/\/dewintech.com\/wp-content\/uploads\/2021\/06\/Thank-you-office.png","contentUrl":"https:\/\/dewintech.com\/wp-content\/uploads\/2021\/06\/Thank-you-office.png"},{"@type":"BreadcrumbList","@id":"https:\/\/dewintech.com\/thank-you-ma\/#breadcrumb","itemListElement":[{"@type":"ListItem","position":1,"name":"Home","item":"https:\/\/dewintech.com\/"},{"@type":"ListItem","position":2,"name":"Thank you ma"}]},{"@type":"WebSite","@id":"https:\/\/dewintech.com\/#website","url":"https:\/\/dewintech.com\/","name":"Dewin - Aide \u00e0 la fabrication de pi\u00e8ces personnalis\u00e9es au Vietnam et en Chine","description":"Sp\u00e9cialis\u00e9 dans les composants m\u00e9talliques et plastiques pour applications industrielles et grand public \u2014 de l'approvisionnement aupr\u00e8s des fournisseurs \u00e0 la fabrication, au contr\u00f4le qualit\u00e9 et \u00e0 la livraison mondiale.","publisher":{"@id":"https:\/\/dewintech.com\/#organization"},"potentialAction":[{"@type":"SearchAction","target":{"@type":"EntryPoint","urlTemplate":"https:\/\/dewintech.com\/?s={search_term_string}"},"query-input":{"@type":"PropertyValueSpecification","valueRequired":true,"valueName":"search_term_string"}}],"inLanguage":"fr-FR"},{"@type":"Organization","@id":"https:\/\/dewintech.com\/#organization","name":"Dewin","url":"https:\/\/dewintech.com\/","logo":{"@type":"ImageObject","inLanguage":"fr-FR","@id":"https:\/\/dewintech.com\/#\/schema\/logo\/image\/","url":"https:\/\/dewintech.com\/wp-content\/uploads\/2021\/06\/DEWIN-\u4f4d\u56fe-JPEG-\u5927.jpg","contentUrl":"https:\/\/dewintech.com\/wp-content\/uploads\/2021\/06\/DEWIN-\u4f4d\u56fe-JPEG-\u5927.jpg","width":1099,"height":475,"caption":"Dewin"},"image":{"@id":"https:\/\/dewintech.com\/#\/schema\/logo\/image\/"}}]}},"_hostinger_reach_plugin_has_subscription_block":false,"_hostinger_reach_plugin_is_elementor":false,"_links":{"self":[{"href":"https:\/\/dewintech.com\/fr\/wp-json\/wp\/v2\/pages\/1151","targetHints":{"allow":["GET"]}}],"collection":[{"href":"https:\/\/dewintech.com\/fr\/wp-json\/wp\/v2\/pages"}],"about":[{"href":"https:\/\/dewintech.com\/fr\/wp-json\/wp\/v2\/types\/page"}],"author":[{"embeddable":true,"href":"https:\/\/dewintech.com\/fr\/wp-json\/wp\/v2\/users\/1"}],"replies":[{"embeddable":true,"href":"https:\/\/dewintech.com\/fr\/wp-json\/wp\/v2\/comments?post=1151"}],"version-history":[{"count":7,"href":"https:\/\/dewintech.com\/fr\/wp-json\/wp\/v2\/pages\/1151\/revisions"}],"predecessor-version":[{"id":1495,"href":"https:\/\/dewintech.com\/fr\/wp-json\/wp\/v2\/pages\/1151\/revisions\/1495"}],"wp:attachment":[{"href":"https:\/\/dewintech.com\/fr\/wp-json\/wp\/v2\/media?parent=1151"}],"curies":[{"name":"wp","href":"https:\/\/api.w.org\/{rel}","templated":true}]}}