{"id":2613,"date":"2024-02-27T19:36:37","date_gmt":"2024-02-27T11:36:37","guid":{"rendered":"https:\/\/dewintech.com\/?post_type=product&#038;p=2613"},"modified":"2024-03-07T18:41:56","modified_gmt":"2024-03-07T10:41:56","slug":"anillo-de-potencia-forma-de-anillo-peso-para-entrenamiento-de-fuerza-pilates","status":"publish","type":"product","link":"https:\/\/dewintech.com\/es\/product\/power-ring-ring-shape-weight-for-strength-trainning-pilates\/","title":{"rendered":"Anillo de potencia Peso en forma de anillo para entrenamiento de fuerza \/ Yoga \/ Pilates"},"content":{"rendered":"<p><img fetchpriority=\"high\" decoding=\"async\" class=\"alignnone wp-image-2622 size-large\" src=\"https:\/\/dewintech.com\/wp-content\/uploads\/2024\/02\/20240227_175603_014-1024x1024.jpg\" alt=\"\" width=\"800\" height=\"800\" srcset=\"https:\/\/dewintech.com\/wp-content\/uploads\/2024\/02\/20240227_175603_014-1024x1024.jpg 1024w, https:\/\/dewintech.com\/wp-content\/uploads\/2024\/02\/20240227_175603_014-300x300.jpg 300w, https:\/\/dewintech.com\/wp-content\/uploads\/2024\/02\/20240227_175603_014-100x100.jpg 100w, https:\/\/dewintech.com\/wp-content\/uploads\/2024\/02\/20240227_175603_014-600x600.jpg 600w, https:\/\/dewintech.com\/wp-content\/uploads\/2024\/02\/20240227_175603_014-150x150.jpg 150w, https:\/\/dewintech.com\/wp-content\/uploads\/2024\/02\/20240227_175603_014-768x768.jpg 768w, https:\/\/dewintech.com\/wp-content\/uploads\/2024\/02\/20240227_175603_014.jpg 1500w\" sizes=\"(max-width: 800px) 100vw, 800px\" \/><\/p>\n<p><img decoding=\"async\" class=\"alignnone wp-image-2623 size-large\" src=\"https:\/\/dewintech.com\/wp-content\/uploads\/2024\/02\/20240227_175603_015-1024x1024.jpg\" alt=\"\" width=\"800\" height=\"800\" srcset=\"https:\/\/dewintech.com\/wp-content\/uploads\/2024\/02\/20240227_175603_015-1024x1024.jpg 1024w, https:\/\/dewintech.com\/wp-content\/uploads\/2024\/02\/20240227_175603_015-300x300.jpg 300w, https:\/\/dewintech.com\/wp-content\/uploads\/2024\/02\/20240227_175603_015-100x100.jpg 100w, https:\/\/dewintech.com\/wp-content\/uploads\/2024\/02\/20240227_175603_015-600x600.jpg 600w, https:\/\/dewintech.com\/wp-content\/uploads\/2024\/02\/20240227_175603_015-150x150.jpg 150w, https:\/\/dewintech.com\/wp-content\/uploads\/2024\/02\/20240227_175603_015-768x768.jpg 768w, https:\/\/dewintech.com\/wp-content\/uploads\/2024\/02\/20240227_175603_015.jpg 1500w\" sizes=\"(max-width: 800px) 100vw, 800px\" \/><\/p>\n<p><img decoding=\"async\" class=\"alignnone wp-image-2629 size-large\" src=\"https:\/\/dewintech.com\/wp-content\/uploads\/2024\/02\/20240227_175603_025-1-1024x1024.jpg\" alt=\"\" width=\"800\" height=\"800\" srcset=\"https:\/\/dewintech.com\/wp-content\/uploads\/2024\/02\/20240227_175603_025-1-1024x1024.jpg 1024w, https:\/\/dewintech.com\/wp-content\/uploads\/2024\/02\/20240227_175603_025-1-300x300.jpg 300w, https:\/\/dewintech.com\/wp-content\/uploads\/2024\/02\/20240227_175603_025-1-100x100.jpg 100w, https:\/\/dewintech.com\/wp-content\/uploads\/2024\/02\/20240227_175603_025-1-600x600.jpg 600w, https:\/\/dewintech.com\/wp-content\/uploads\/2024\/02\/20240227_175603_025-1-150x150.jpg 150w, https:\/\/dewintech.com\/wp-content\/uploads\/2024\/02\/20240227_175603_025-1-768x768.jpg 768w, https:\/\/dewintech.com\/wp-content\/uploads\/2024\/02\/20240227_175603_025-1.jpg 1500w\" sizes=\"(max-width: 800px) 100vw, 800px\" \/><\/p>\n<p><img loading=\"lazy\" decoding=\"async\" class=\"alignnone wp-image-2624 size-large\" src=\"https:\/\/dewintech.com\/wp-content\/uploads\/2024\/02\/20240227_175603_018-1024x1024.jpg\" alt=\"\" width=\"800\" height=\"800\" srcset=\"https:\/\/dewintech.com\/wp-content\/uploads\/2024\/02\/20240227_175603_018-1024x1024.jpg 1024w, https:\/\/dewintech.com\/wp-content\/uploads\/2024\/02\/20240227_175603_018-300x300.jpg 300w, https:\/\/dewintech.com\/wp-content\/uploads\/2024\/02\/20240227_175603_018-100x100.jpg 100w, https:\/\/dewintech.com\/wp-content\/uploads\/2024\/02\/20240227_175603_018-600x600.jpg 600w, https:\/\/dewintech.com\/wp-content\/uploads\/2024\/02\/20240227_175603_018-150x150.jpg 150w, https:\/\/dewintech.com\/wp-content\/uploads\/2024\/02\/20240227_175603_018-768x768.jpg 768w, https:\/\/dewintech.com\/wp-content\/uploads\/2024\/02\/20240227_175603_018.jpg 1500w\" sizes=\"(max-width: 800px) 100vw, 800px\" \/><\/p>\n<p><img loading=\"lazy\" decoding=\"async\" class=\"alignnone wp-image-2625 size-large\" src=\"https:\/\/dewintech.com\/wp-content\/uploads\/2024\/02\/20240227_175603_019-1024x1024.jpg\" alt=\"\" width=\"800\" height=\"800\" srcset=\"https:\/\/dewintech.com\/wp-content\/uploads\/2024\/02\/20240227_175603_019-1024x1024.jpg 1024w, https:\/\/dewintech.com\/wp-content\/uploads\/2024\/02\/20240227_175603_019-300x300.jpg 300w, https:\/\/dewintech.com\/wp-content\/uploads\/2024\/02\/20240227_175603_019-100x100.jpg 100w, https:\/\/dewintech.com\/wp-content\/uploads\/2024\/02\/20240227_175603_019-600x600.jpg 600w, https:\/\/dewintech.com\/wp-content\/uploads\/2024\/02\/20240227_175603_019-150x150.jpg 150w, https:\/\/dewintech.com\/wp-content\/uploads\/2024\/02\/20240227_175603_019-768x768.jpg 768w, https:\/\/dewintech.com\/wp-content\/uploads\/2024\/02\/20240227_175603_019.jpg 1500w\" sizes=\"(max-width: 800px) 100vw, 800px\" \/><\/p>\n<p><img loading=\"lazy\" decoding=\"async\" class=\"alignnone wp-image-2626 size-large\" src=\"https:\/\/dewintech.com\/wp-content\/uploads\/2024\/02\/20240227_175603_020-1024x1024.jpg\" alt=\"\" width=\"800\" height=\"800\" srcset=\"https:\/\/dewintech.com\/wp-content\/uploads\/2024\/02\/20240227_175603_020-1024x1024.jpg 1024w, https:\/\/dewintech.com\/wp-content\/uploads\/2024\/02\/20240227_175603_020-300x300.jpg 300w, https:\/\/dewintech.com\/wp-content\/uploads\/2024\/02\/20240227_175603_020-100x100.jpg 100w, https:\/\/dewintech.com\/wp-content\/uploads\/2024\/02\/20240227_175603_020-600x600.jpg 600w, https:\/\/dewintech.com\/wp-content\/uploads\/2024\/02\/20240227_175603_020-150x150.jpg 150w, https:\/\/dewintech.com\/wp-content\/uploads\/2024\/02\/20240227_175603_020-768x768.jpg 768w, https:\/\/dewintech.com\/wp-content\/uploads\/2024\/02\/20240227_175603_020.jpg 1500w\" sizes=\"(max-width: 800px) 100vw, 800px\" \/><\/p>\n<p><img loading=\"lazy\" decoding=\"async\" class=\"alignnone wp-image-2627 size-large\" src=\"https:\/\/dewintech.com\/wp-content\/uploads\/2024\/02\/20240227_175603_023-1-1024x1024.jpg\" alt=\"\" width=\"800\" height=\"800\" srcset=\"https:\/\/dewintech.com\/wp-content\/uploads\/2024\/02\/20240227_175603_023-1-1024x1024.jpg 1024w, https:\/\/dewintech.com\/wp-content\/uploads\/2024\/02\/20240227_175603_023-1-300x300.jpg 300w, https:\/\/dewintech.com\/wp-content\/uploads\/2024\/02\/20240227_175603_023-1-100x100.jpg 100w, https:\/\/dewintech.com\/wp-content\/uploads\/2024\/02\/20240227_175603_023-1-600x600.jpg 600w, https:\/\/dewintech.com\/wp-content\/uploads\/2024\/02\/20240227_175603_023-1-150x150.jpg 150w, https:\/\/dewintech.com\/wp-content\/uploads\/2024\/02\/20240227_175603_023-1-768x768.jpg 768w, https:\/\/dewintech.com\/wp-content\/uploads\/2024\/02\/20240227_175603_023-1.jpg 1500w\" sizes=\"(max-width: 800px) 100vw, 800px\" \/><\/p>","protected":false},"excerpt":{"rendered":"<p>Dise\u00f1o \u00fanico, m\u00faltiples colores, personaliza tu marca con etiqueta privada, superficie de caucho de silicona amigable con la piel<\/p>","protected":false},"featured_media":2616,"comment_status":"closed","ping_status":"closed","template":"","meta":[],"product_brand":[],"product_cat":[66,67],"product_tag":[73,72,74,68,70],"class_list":{"0":"post-2613","1":"product","2":"type-product","3":"status-publish","4":"has-post-thumbnail","6":"product_cat-fitness-equipment","7":"product_cat-yoga-pilates-equipments","8":"product_tag-custom-logo","9":"product_tag-custom-packing","10":"product_tag-free-sample","11":"product_tag-oem","12":"product_tag-small-moq","14":"first","15":"instock","16":"shipping-taxable","17":"product-type-variable"},"yoast_head":"<!-- This site is optimized with the Yoast SEO Premium plugin v27.0 (Yoast SEO v27.5) - https:\/\/yoast.com\/product\/yoast-seo-premium-wordpress\/ -->\n<title>Power Ring Ring-shape Weight For Strength Trainning\/Yoga\/Pilates - Dewin - Help You Make Custom Parts &amp; Assembilies in Vietnam &amp; China<\/title>\n<meta name=\"robots\" content=\"index, follow, max-snippet:-1, max-image-preview:large, max-video-preview:-1\" \/>\n<link rel=\"canonical\" href=\"https:\/\/dewintech.com\/es\/product\/anillo-de-potencia-forma-de-anillo-peso-para-entrenamiento-de-fuerza-pilates\/\" \/>\n<meta property=\"og:locale\" content=\"es_MX\" \/>\n<meta property=\"og:type\" content=\"article\" \/>\n<meta property=\"og:title\" content=\"Power Ring Ring-shape Weight For Strength Trainning\/Yoga\/Pilates\" \/>\n<meta property=\"og:description\" content=\"Unique design, multiple colors, custom your brand private lable, skin-friendly silicone rubber surface\" \/>\n<meta property=\"og:url\" content=\"https:\/\/dewintech.com\/es\/product\/anillo-de-potencia-forma-de-anillo-peso-para-entrenamiento-de-fuerza-pilates\/\" \/>\n<meta property=\"og:site_name\" content=\"Dewin - Help You Make Custom Parts &amp; Assembilies in Vietnam &amp; China\" \/>\n<meta property=\"article:modified_time\" content=\"2024-03-07T10:41:56+00:00\" \/>\n<meta property=\"og:image\" content=\"https:\/\/dewintech.com\/wp-content\/uploads\/2024\/02\/20240227_175603_017.jpg\" \/>\n\t<meta property=\"og:image:width\" content=\"1500\" \/>\n\t<meta property=\"og:image:height\" content=\"1500\" \/>\n\t<meta property=\"og:image:type\" content=\"image\/jpeg\" \/>\n<meta name=\"twitter:card\" content=\"summary_large_image\" \/>\n<!-- \/ Yoast SEO Premium plugin. -->","yoast_head_json":{"title":"Power Ring Ring-shape Weight For Strength Trainning\/Yoga\/Pilates - Dewin - Help You Make Custom Parts &amp; Assembilies in Vietnam &amp; China","robots":{"index":"index","follow":"follow","max-snippet":"max-snippet:-1","max-image-preview":"max-image-preview:large","max-video-preview":"max-video-preview:-1"},"canonical":"https:\/\/dewintech.com\/es\/product\/anillo-de-potencia-forma-de-anillo-peso-para-entrenamiento-de-fuerza-pilates\/","og_locale":"es_MX","og_type":"article","og_title":"Power Ring Ring-shape Weight For Strength Trainning\/Yoga\/Pilates","og_description":"Unique design, multiple colors, custom your brand private lable, skin-friendly silicone rubber surface","og_url":"https:\/\/dewintech.com\/es\/product\/anillo-de-potencia-forma-de-anillo-peso-para-entrenamiento-de-fuerza-pilates\/","og_site_name":"Dewin - Help You Make Custom Parts &amp; Assembilies in Vietnam &amp; China","article_modified_time":"2024-03-07T10:41:56+00:00","og_image":[{"width":1500,"height":1500,"url":"https:\/\/dewintech.com\/wp-content\/uploads\/2024\/02\/20240227_175603_017.jpg","type":"image\/jpeg"}],"twitter_card":"summary_large_image","schema":{"@context":"https:\/\/schema.org","@graph":[{"@type":"WebPage","@id":"https:\/\/dewintech.com\/product\/power-ring-ring-shape-weight-for-strength-trainning-pilates\/","url":"https:\/\/dewintech.com\/product\/power-ring-ring-shape-weight-for-strength-trainning-pilates\/","name":"Power Ring Ring-shape Weight For Strength Trainning\/Yoga\/Pilates - Dewin - Help You Make Custom Parts &amp; Assembilies in Vietnam &amp; China","isPartOf":{"@id":"https:\/\/dewintech.com\/#website"},"primaryImageOfPage":{"@id":"https:\/\/dewintech.com\/product\/power-ring-ring-shape-weight-for-strength-trainning-pilates\/#primaryimage"},"image":{"@id":"https:\/\/dewintech.com\/product\/power-ring-ring-shape-weight-for-strength-trainning-pilates\/#primaryimage"},"thumbnailUrl":"https:\/\/dewintech.com\/wp-content\/uploads\/2024\/02\/20240227_175603_017.jpg","datePublished":"2024-02-27T11:36:37+00:00","dateModified":"2024-03-07T10:41:56+00:00","breadcrumb":{"@id":"https:\/\/dewintech.com\/product\/power-ring-ring-shape-weight-for-strength-trainning-pilates\/#breadcrumb"},"inLanguage":"es","potentialAction":[{"@type":"ReadAction","target":["https:\/\/dewintech.com\/product\/power-ring-ring-shape-weight-for-strength-trainning-pilates\/"]}]},{"@type":"ImageObject","inLanguage":"es","@id":"https:\/\/dewintech.com\/product\/power-ring-ring-shape-weight-for-strength-trainning-pilates\/#primaryimage","url":"https:\/\/dewintech.com\/wp-content\/uploads\/2024\/02\/20240227_175603_017.jpg","contentUrl":"https:\/\/dewintech.com\/wp-content\/uploads\/2024\/02\/20240227_175603_017.jpg","width":1500,"height":1500},{"@type":"BreadcrumbList","@id":"https:\/\/dewintech.com\/product\/power-ring-ring-shape-weight-for-strength-trainning-pilates\/#breadcrumb","itemListElement":[{"@type":"ListItem","position":1,"name":"Home","item":"https:\/\/dewintech.com\/"},{"@type":"ListItem","position":2,"name":"Product","item":"https:\/\/dewintech.com\/product\/"},{"@type":"ListItem","position":3,"name":"Fitness Equipment","item":"https:\/\/dewintech.com\/product-category\/fitness-equipment\/"},{"@type":"ListItem","position":4,"name":"Yoga \/ Pilates Equipments","item":"https:\/\/dewintech.com\/product-category\/fitness-equipment\/yoga-pilates-equipments\/"},{"@type":"ListItem","position":5,"name":"Power Ring Ring-shape Weight For Strength Trainning\/Yoga\/Pilates"}]},{"@type":"WebSite","@id":"https:\/\/dewintech.com\/#website","url":"https:\/\/dewintech.com\/","name":"Dewin - Te Ayudamos a Fabricar Piezas Personalizadas en Vietnam y China","description":"Especializados en componentes met\u00e1licos y pl\u00e1sticos para aplicaciones industriales y de consumo \u2014 desde la b\u00fasqueda de proveedores hasta la fabricaci\u00f3n, el control de calidad y la entrega global.","publisher":{"@id":"https:\/\/dewintech.com\/#organization"},"potentialAction":[{"@type":"SearchAction","target":{"@type":"EntryPoint","urlTemplate":"https:\/\/dewintech.com\/?s={search_term_string}"},"query-input":{"@type":"PropertyValueSpecification","valueRequired":true,"valueName":"search_term_string"}}],"inLanguage":"es"},{"@type":"Organization","@id":"https:\/\/dewintech.com\/#organization","name":"Dewin","url":"https:\/\/dewintech.com\/","logo":{"@type":"ImageObject","inLanguage":"es","@id":"https:\/\/dewintech.com\/#\/schema\/logo\/image\/","url":"https:\/\/dewintech.com\/wp-content\/uploads\/2021\/06\/DEWIN-\u4f4d\u56fe-JPEG-\u5927.jpg","contentUrl":"https:\/\/dewintech.com\/wp-content\/uploads\/2021\/06\/DEWIN-\u4f4d\u56fe-JPEG-\u5927.jpg","width":1099,"height":475,"caption":"Dewin"},"image":{"@id":"https:\/\/dewintech.com\/#\/schema\/logo\/image\/"}}]}},"_links":{"self":[{"href":"https:\/\/dewintech.com\/es\/wp-json\/wp\/v2\/product\/2613","targetHints":{"allow":["GET"]}}],"collection":[{"href":"https:\/\/dewintech.com\/es\/wp-json\/wp\/v2\/product"}],"about":[{"href":"https:\/\/dewintech.com\/es\/wp-json\/wp\/v2\/types\/product"}],"replies":[{"embeddable":true,"href":"https:\/\/dewintech.com\/es\/wp-json\/wp\/v2\/comments?post=2613"}],"wp:featuredmedia":[{"embeddable":true,"href":"https:\/\/dewintech.com\/es\/wp-json\/wp\/v2\/media\/2616"}],"wp:attachment":[{"href":"https:\/\/dewintech.com\/es\/wp-json\/wp\/v2\/media?parent=2613"}],"wp:term":[{"taxonomy":"product_brand","embeddable":true,"href":"https:\/\/dewintech.com\/es\/wp-json\/wp\/v2\/product_brand?post=2613"},{"taxonomy":"product_cat","embeddable":true,"href":"https:\/\/dewintech.com\/es\/wp-json\/wp\/v2\/product_cat?post=2613"},{"taxonomy":"product_tag","embeddable":true,"href":"https:\/\/dewintech.com\/es\/wp-json\/wp\/v2\/product_tag?post=2613"}],"curies":[{"name":"wp","href":"https:\/\/api.w.org\/{rel}","templated":true}]}}