{"id":258,"date":"2021-01-05T22:51:23","date_gmt":"2021-01-05T14:51:23","guid":{"rendered":"https:\/\/dewintech.com\/product\/import-placeholder-for-48\/"},"modified":"2021-03-15T20:12:05","modified_gmt":"2021-03-15T12:12:05","slug":"metalurgia-de-polvo","status":"publish","type":"product","link":"https:\/\/dewintech.com\/es\/product\/powder-metallurgy\/","title":{"rendered":"Metalurgia de Polvos"},"content":{"rendered":"<p class=\"ql-align-left ql-long-4799810\" align=\"left\"><span class=\"ql-author-4799810\">Mu\u00e9vete con los auriculares inal\u00e1mbricos Blackweb. <\/span><\/p>\n<p class=\"ql-align-left ql-long-4799810\" align=\"left\"><span class=\"ql-author-4799810\">Los auriculares tradicionales cuentan con cables y almohadillas voluminosas que pueden enredarse o salirse, limitando tu estilo y ralentizando tu paso. <\/span><\/p>\n<p class=\"ql-align-left ql-long-4799810\" align=\"left\"><span class=\"ql-author-4799810\">Los auriculares Bluetooth Blackweb no te ralentizar\u00e1n con un dise\u00f1o ligero y sin cables, con almohadillas que se ajustan f\u00e1cilmente dentro del o\u00eddo, con suaves capuchones de silicona para una comodidad superior. <\/span><\/p>\n<p class=\"ql-align-left ql-long-4799810\" align=\"left\"><span class=\"ql-author-4799810\">Los auriculares cuentan con un gancho sobre la oreja que evita que se salgan, para que puedas correr, trotar, caminar o incluso pasear sin que se deslicen. <\/span><\/p>\n<p class=\"ql-align-left ql-long-4799810\" align=\"left\"><span class=\"ql-author-4799810\">Los auriculares inal\u00e1mbricos ligeros ofrecen tres horas y media de rendimiento n\u00edtido mientras usted realiza sus actividades diarias, aprovechando la potencia de la tecnolog\u00eda Bluetooth para ofrecer la calidad de sonido que requieren su m\u00fasica, podcasts y conversaciones. <\/span><\/p>\n<p class=\"ql-align-left ql-long-4799810\" align=\"left\"><span class=\"ql-author-4799810\">El dise\u00f1o compacto cabe f\u00e1cilmente dentro del estuche de carga incluido; el estuche recarga completamente los auriculares en solo dos horas. <\/span><\/p>\n<p class=\"ql-align-left ql-long-4799810\" align=\"left\"><span class=\"ql-author-4799810\">Son compatibles con la mayor\u00eda de tel\u00e9fonos inteligentes, reproductores de MP3 y tabletas, incluidas las marcas Apple, Samsung, Google y otras marcas importantes.<\/span><strong class=\"ql-author-4799810\">Auriculares Bluetooth True Wireless Blackweb:<\/strong><\/p>\n<ul>\n<li class=\"\"><span class=\"ql-author-4799810\">Los auriculares inal\u00e1mbricos van a donde se necesiten sin cables voluminosos y propensos a enredarse<\/span><\/li>\n<li class=\"\"><span class=\"ql-author-4799810\">Ideales para hacer ejercicio y usar el tel\u00e9fono con manos libres<\/span><\/li>\n<li class=\"\"><span class=\"ql-author-4799810\">Dise\u00f1o ligero con un gancho para la oreja para mayor comodidad y estabilidad durante todo el d\u00eda<\/span><\/li>\n<li class=\"\"><span class=\"ql-author-4799810\">Los auriculares Bluetooth Blackweb ofrecen 3,5 horas de rendimiento n\u00edtido<\/span><\/li>\n<li class=\"\"><span class=\"ql-author-4799810\">Compatible con tel\u00e9fonos inteligentes y otros dispositivos de Apple, Google, Huawei, Samsung y m\u00e1s<\/span><\/li>\n<li class=\"\"><span class=\"ql-author-4799810\">Incluye un estuche de carga compacto que recarga completamente los auriculares en 2 horas<\/span><\/li>\n<li class=\"\"><span class=\"ql-author-4799810\">Dise\u00f1ados con almohadillas de silicona suave para una comodidad vers\u00e1til<\/span><\/li>\n<li class=\"\"><span class=\"ql-author-4799810\">N\u00famero de modelo: BWD19AAH06<\/span><\/li>\n<li class=\"\"><span class=\"ql-author-4799810\">Disponibles en colores negro y oro rosa para adaptarse mejor a tu estilo<\/span><\/li>\n<\/ul>","protected":false},"excerpt":{"rendered":"<p>Hecho de metal en polvo, a base de hierro o cobre, formado mediante herramientas y endurecido en el horno, con una eficiencia de 10k piezas por d\u00eda, proporciona un rendimiento similar a las piezas fundidas y mecanizadas pero con un costo mucho m\u00e1s competitivo, hasta un 70% de reducci\u00f3n.<\/p>","protected":false},"featured_media":661,"comment_status":"closed","ping_status":"closed","template":"","meta":[],"product_brand":[],"product_cat":[18],"product_tag":[],"class_list":{"0":"post-258","1":"product","2":"type-product","3":"status-publish","4":"has-post-thumbnail","6":"product_cat-uncategorized","8":"first","9":"instock","10":"shipping-taxable","11":"product-type-simple"},"yoast_head":"<!-- This site is optimized with the Yoast SEO Premium plugin v27.0 (Yoast SEO v27.5) - https:\/\/yoast.com\/product\/yoast-seo-premium-wordpress\/ -->\n<title>Powder Metallurgy - Dewin - Help You Make Custom Parts &amp; Assembilies in Vietnam &amp; China<\/title>\n<meta name=\"robots\" content=\"index, follow, max-snippet:-1, max-image-preview:large, max-video-preview:-1\" \/>\n<link rel=\"canonical\" href=\"https:\/\/dewintech.com\/es\/product\/metalurgia-de-polvo\/\" \/>\n<meta property=\"og:locale\" content=\"es_MX\" \/>\n<meta property=\"og:type\" content=\"article\" \/>\n<meta property=\"og:title\" content=\"Powder Metallurgy\" \/>\n<meta property=\"og:description\" content=\"Made by powder metal, iron or copper based, formed by tooling, and harden in the furnace, with an efficiency of 10k pieces per day, provides a similar performance with casting and machining parts but much competitive cost up to 70% reduction\" \/>\n<meta property=\"og:url\" content=\"https:\/\/dewintech.com\/es\/product\/metalurgia-de-polvo\/\" \/>\n<meta property=\"og:site_name\" content=\"Dewin - Help You Make Custom Parts &amp; Assembilies in Vietnam &amp; China\" \/>\n<meta property=\"article:modified_time\" content=\"2021-03-15T12:12:05+00:00\" \/>\n<meta property=\"og:image\" content=\"https:\/\/dewintech.com\/wp-content\/uploads\/2021\/01\/sintered-parts.jpg\" \/>\n\t<meta property=\"og:image:width\" content=\"800\" \/>\n\t<meta property=\"og:image:height\" content=\"528\" \/>\n\t<meta property=\"og:image:type\" content=\"image\/jpeg\" \/>\n<meta name=\"twitter:card\" content=\"summary_large_image\" \/>\n<meta name=\"twitter:label1\" content=\"Tiempo de lectura\" \/>\n\t<meta name=\"twitter:data1\" content=\"1 minuto\" \/>\n<!-- \/ Yoast SEO Premium plugin. -->","yoast_head_json":{"title":"Powder Metallurgy - Dewin - Help You Make Custom Parts &amp; Assembilies in Vietnam &amp; China","robots":{"index":"index","follow":"follow","max-snippet":"max-snippet:-1","max-image-preview":"max-image-preview:large","max-video-preview":"max-video-preview:-1"},"canonical":"https:\/\/dewintech.com\/es\/product\/metalurgia-de-polvo\/","og_locale":"es_MX","og_type":"article","og_title":"Powder Metallurgy","og_description":"Made by powder metal, iron or copper based, formed by tooling, and harden in the furnace, with an efficiency of 10k pieces per day, provides a similar performance with casting and machining parts but much competitive cost up to 70% reduction","og_url":"https:\/\/dewintech.com\/es\/product\/metalurgia-de-polvo\/","og_site_name":"Dewin - Help You Make Custom Parts &amp; Assembilies in Vietnam &amp; China","article_modified_time":"2021-03-15T12:12:05+00:00","og_image":[{"width":800,"height":528,"url":"https:\/\/dewintech.com\/wp-content\/uploads\/2021\/01\/sintered-parts.jpg","type":"image\/jpeg"}],"twitter_card":"summary_large_image","twitter_misc":{"Tiempo de lectura":"1 minuto"},"schema":{"@context":"https:\/\/schema.org","@graph":[{"@type":"WebPage","@id":"https:\/\/dewintech.com\/product\/powder-metallurgy\/","url":"https:\/\/dewintech.com\/product\/powder-metallurgy\/","name":"Powder Metallurgy - Dewin - Help You Make Custom Parts &amp; Assembilies in Vietnam &amp; China","isPartOf":{"@id":"https:\/\/dewintech.com\/#website"},"primaryImageOfPage":{"@id":"https:\/\/dewintech.com\/product\/powder-metallurgy\/#primaryimage"},"image":{"@id":"https:\/\/dewintech.com\/product\/powder-metallurgy\/#primaryimage"},"thumbnailUrl":"https:\/\/dewintech.com\/wp-content\/uploads\/2021\/01\/sintered-parts.jpg","datePublished":"2021-01-05T14:51:23+00:00","dateModified":"2021-03-15T12:12:05+00:00","breadcrumb":{"@id":"https:\/\/dewintech.com\/product\/powder-metallurgy\/#breadcrumb"},"inLanguage":"es","potentialAction":[{"@type":"ReadAction","target":["https:\/\/dewintech.com\/product\/powder-metallurgy\/"]}]},{"@type":"ImageObject","inLanguage":"es","@id":"https:\/\/dewintech.com\/product\/powder-metallurgy\/#primaryimage","url":"https:\/\/dewintech.com\/wp-content\/uploads\/2021\/01\/sintered-parts.jpg","contentUrl":"https:\/\/dewintech.com\/wp-content\/uploads\/2021\/01\/sintered-parts.jpg","width":800,"height":528},{"@type":"BreadcrumbList","@id":"https:\/\/dewintech.com\/product\/powder-metallurgy\/#breadcrumb","itemListElement":[{"@type":"ListItem","position":1,"name":"Home","item":"https:\/\/dewintech.com\/"},{"@type":"ListItem","position":2,"name":"Product","item":"https:\/\/dewintech.com\/product\/"},{"@type":"ListItem","position":3,"name":"Uncategorized","item":"https:\/\/dewintech.com\/product-category\/uncategorized\/"},{"@type":"ListItem","position":4,"name":"Powder Metallurgy"}]},{"@type":"WebSite","@id":"https:\/\/dewintech.com\/#website","url":"https:\/\/dewintech.com\/","name":"Dewin - Te Ayudamos a Fabricar Piezas Personalizadas en Vietnam y China","description":"Especializados en componentes met\u00e1licos y pl\u00e1sticos para aplicaciones industriales y de consumo \u2014 desde la b\u00fasqueda de proveedores hasta la fabricaci\u00f3n, el control de calidad y la entrega global.","publisher":{"@id":"https:\/\/dewintech.com\/#organization"},"potentialAction":[{"@type":"SearchAction","target":{"@type":"EntryPoint","urlTemplate":"https:\/\/dewintech.com\/?s={search_term_string}"},"query-input":{"@type":"PropertyValueSpecification","valueRequired":true,"valueName":"search_term_string"}}],"inLanguage":"es"},{"@type":"Organization","@id":"https:\/\/dewintech.com\/#organization","name":"Dewin","url":"https:\/\/dewintech.com\/","logo":{"@type":"ImageObject","inLanguage":"es","@id":"https:\/\/dewintech.com\/#\/schema\/logo\/image\/","url":"https:\/\/dewintech.com\/wp-content\/uploads\/2021\/06\/DEWIN-\u4f4d\u56fe-JPEG-\u5927.jpg","contentUrl":"https:\/\/dewintech.com\/wp-content\/uploads\/2021\/06\/DEWIN-\u4f4d\u56fe-JPEG-\u5927.jpg","width":1099,"height":475,"caption":"Dewin"},"image":{"@id":"https:\/\/dewintech.com\/#\/schema\/logo\/image\/"}}]}},"_links":{"self":[{"href":"https:\/\/dewintech.com\/es\/wp-json\/wp\/v2\/product\/258","targetHints":{"allow":["GET"]}}],"collection":[{"href":"https:\/\/dewintech.com\/es\/wp-json\/wp\/v2\/product"}],"about":[{"href":"https:\/\/dewintech.com\/es\/wp-json\/wp\/v2\/types\/product"}],"replies":[{"embeddable":true,"href":"https:\/\/dewintech.com\/es\/wp-json\/wp\/v2\/comments?post=258"}],"wp:featuredmedia":[{"embeddable":true,"href":"https:\/\/dewintech.com\/es\/wp-json\/wp\/v2\/media\/661"}],"wp:attachment":[{"href":"https:\/\/dewintech.com\/es\/wp-json\/wp\/v2\/media?parent=258"}],"wp:term":[{"taxonomy":"product_brand","embeddable":true,"href":"https:\/\/dewintech.com\/es\/wp-json\/wp\/v2\/product_brand?post=258"},{"taxonomy":"product_cat","embeddable":true,"href":"https:\/\/dewintech.com\/es\/wp-json\/wp\/v2\/product_cat?post=258"},{"taxonomy":"product_tag","embeddable":true,"href":"https:\/\/dewintech.com\/es\/wp-json\/wp\/v2\/product_tag?post=258"}],"curies":[{"name":"wp","href":"https:\/\/api.w.org\/{rel}","templated":true}]}}