{"id":4846,"date":"2025-04-09T12:08:22","date_gmt":"2025-04-09T04:08:22","guid":{"rendered":"https:\/\/dewintech.com\/?page_id=4846"},"modified":"2025-07-16T17:46:51","modified_gmt":"2025-07-16T09:46:51","slug":"politica-de-cookies","status":"publish","type":"page","link":"https:\/\/dewintech.com\/es\/cookie-policy\/","title":{"rendered":"Pol\u00edtica de Cookies"},"content":{"rendered":"<h1>Pol\u00edtica de cookies<\/h1>\n<p>Esta pol\u00edtica de cookies (\u201cPol\u00edtica\u201d) describe qu\u00e9 son las cookies y c\u00f3mo son utilizadas por el <a href=\"https:\/\/dewintech.com\/es\/\">dewintech.com<\/a> sitio web (\u201cSitio web\u201d o \u201cServicio\u201d) y cualquiera de sus productos y servicios relacionados (colectivamente, \u201cServicios\u201d). Esta Pol\u00edtica es un acuerdo legalmente vinculante entre usted (\u201cUsuario\u201d, \u201custed\u201d o \u201csu\u201d) y Dewin Technology Pte. Ltd. (que opera como \u201cDEWIN\u201d, \u201cnosotros\u201d, \u201cnos\u201d o \u201cnuestro\u201d). Si celebra esta Pol\u00edtica en nombre de una empresa u otra entidad legal, usted declara que tiene la autoridad para vincular a dicha entidad a esta Pol\u00edtica, en cuyo caso los t\u00e9rminos \u201cUsuario\u201d, \u201custed\u201d o \u201csu\u201d se referir\u00e1n a dicha entidad. Si no tiene dicha autoridad, o si no est\u00e1 de acuerdo con los t\u00e9rminos de esta Pol\u00edtica, no debe aceptar esta Pol\u00edtica y no podr\u00e1 acceder ni utilizar el Sitio web y los Servicios. Debe leer esta Pol\u00edtica para comprender los tipos de cookies que utilizamos, la informaci\u00f3n que recopilamos utilizando cookies y c\u00f3mo se utiliza esa informaci\u00f3n. Tambi\u00e9n describe las opciones disponibles para usted con respecto a la aceptaci\u00f3n o el rechazo del uso de cookies. Para obtener m\u00e1s informaci\u00f3n sobre c\u00f3mo utilizamos, almacenamos y mantenemos seguros sus datos personales, consulte nuestra <a href=\"https:\/\/dewintech.com\/es\/politica-de-privacidad\/\">pol\u00edtica de privacidad<\/a>.<\/p>\n<div class=\"index\">\n<h3>Tabla de contenido<\/h3>\n<ol class=\"index\">\n<li><a href=\"#what-are-cookies\">\u00bfQu\u00e9 son las cookies?<\/a><\/li>\n<li><a href=\"#what-type-of-cookies-do-we-use\">\u00bfQu\u00e9 tipo de cookies utilizamos?<\/a><\/li>\n<li><a href=\"#what-are-your-cookie-options\">\u00bfCu\u00e1les son sus opciones de cookies?<\/a><\/li>\n<li><a href=\"#changes-and-amendments\">Cambios y enmiendas<\/a><\/li>\n<li><a href=\"#acceptance-of-this-policy\">Aceptaci\u00f3n de esta pol\u00edtica<\/a><\/li>\n<li><a href=\"#contacting-us\">Cont\u00e1ctenos<\/a><\/li>\n<\/ol>\n<\/div>\n<h2 id=\"what-are-cookies\">\u00bfQu\u00e9 son las cookies?<\/h2>\n<p>Las cookies son peque\u00f1os fragmentos de datos almacenados en archivos de texto que se guardan en su computadora u otros dispositivos cuando los sitios web se cargan en un navegador. Se utilizan ampliamente para recordarle a usted y sus preferencias, ya sea para una sola visita (a trav\u00e9s de una \u201ccookie de sesi\u00f3n\u201d) o para m\u00faltiples visitas repetidas (utilizando una \u201ccookie persistente\u201d).<\/p>\n<p>Las cookies de sesi\u00f3n son cookies temporales que se utilizan durante su visita al Sitio web y caducan cuando cierra el navegador web.<\/p>\n<p>Las cookies persistentes se utilizan para recordar sus preferencias dentro de nuestro Sitio web y permanecen en su dispositivo de escritorio o m\u00f3vil incluso despu\u00e9s de que cierre su navegador o reinicie su computadora. Garantizan una experiencia consistente y eficiente para usted mientras visita el Sitio web y los Servicios.<\/p>\n<p>Las cookies pueden ser establecidas por el Sitio web (\u201ccookies propias\u201d) o por terceros, como aquellos que brindan contenido o servicios de publicidad o an\u00e1lisis en el Sitio web (\u201ccookies de terceros\u201d). Estos terceros pueden reconocerlo cuando visita nuestro sitio web y tambi\u00e9n cuando visita otros sitios web espec\u00edficos.<\/p>\n<h2 id=\"what-type-of-cookies-do-we-use\">\u00bfQu\u00e9 tipo de cookies utilizamos?<\/h2>\n<h3>Cookies necesarios<\/h3>\n<p>Las cookies necesarias nos permiten ofrecerle la mejor experiencia posible al acceder y navegar por nuestro sitio web y utilizar sus funciones. Por ejemplo, estas cookies nos permiten reconocer que ha creado una cuenta y ha iniciado sesi\u00f3n en esa cuenta para acceder al contenido.<\/p>\n<h3>Cookies de funcionalidad<\/h3>\n<p>Las cookies de funcionalidad nos permiten operar el sitio web y los servicios de acuerdo con las opciones que usted elija. Por ejemplo, reconoceremos su nombre de usuario y recordaremos c\u00f3mo personaliz\u00f3 el sitio web y los servicios en futuras visitas.<\/p>\n<h2 id=\"what-are-your-cookie-options\">\u00bfCu\u00e1les son sus opciones de cookies?<\/h2>\n<p>Si no le gusta la idea de las cookies o ciertos tipos de cookies, puede cambiar la configuraci\u00f3n de su navegador para eliminar las cookies que ya se han establecido y para no aceptar cookies nuevas. Visite <a href=\"https:\/\/www.internetcookies.com\" ref=\"nofollow noreferrer noopener external\">internetcookies.com<\/a> para obtener m\u00e1s informaci\u00f3n sobre c\u00f3mo hacerlo.<\/p>\n<h2 id=\"changes-and-amendments\">Cambios y enmiendas<\/h2>\n<p>Nos reservamos el derecho de modificar esta Pol\u00edtica o sus t\u00e9rminos relacionados con el sitio web y los servicios en cualquier momento a nuestra discreci\u00f3n. Cuando lo hagamos, revisaremos la fecha de actualizaci\u00f3n en la parte inferior de esta p\u00e1gina. Tambi\u00e9n podemos proporcionarle avisos de otras maneras a nuestra discreci\u00f3n, como a trav\u00e9s de la informaci\u00f3n de contacto que haya proporcionado.<\/p>\n<p>Una versi\u00f3n actualizada de esta Pol\u00edtica entrar\u00e1 en vigor inmediatamente despu\u00e9s de la publicaci\u00f3n de la Pol\u00edtica revisada, a menos que se especifique lo contrario. Su uso continuado del sitio web y los servicios despu\u00e9s de la fecha de entrada en vigor de la Pol\u00edtica revisada (o cualquier otro acto especificado en ese momento) constituir\u00e1 su consentimiento a dichos cambios.<\/p>\n<h2 id=\"acceptance-of-this-policy\">Aceptaci\u00f3n de esta pol\u00edtica<\/h2>\n<p>Usted reconoce que ha le\u00eddo esta Pol\u00edtica y acepta todos sus t\u00e9rminos y condiciones. Al acceder y utilizar el sitio web y los servicios, usted acepta quedar vinculado por esta Pol\u00edtica. Si no acepta cumplir los t\u00e9rminos de esta Pol\u00edtica, no est\u00e1 autorizado a acceder ni a utilizar el sitio web y los servicios. Esta pol\u00edtica ha sido creada con la ayuda del <a href=\"https:\/\/www.websitepolicies.com\/cookie-policy-generator\">generador de pol\u00edticas de cookies<\/a>.<\/p>\n<h2 id=\"contacting-us\">Cont\u00e1ctenos<\/h2>\n<p>Si tiene alguna pregunta, inquietud o queja sobre esta Pol\u00edtica o el uso de cookies, le animamos a que se ponga en contacto con nosotros utilizando los detalles a continuaci\u00f3n:<\/p>\n<p><a href=\"mailto:in**@*******ch.com\" data-original-string=\"+9Mym1j3LJ8jAfXoa9dB8w==55azbV0GfnU9TrYitR8Pl0qy5buNJblgjgVQD5OA7WbFQA=\" title=\"This contact has been encoded by Anti-Spam by CleanTalk. Click to decode. To finish the decoding make sure that JavaScript is enabled in your browser.\"><span \n                data-original-string='\/ld7VMN4F+tAFprFubDmEQ==55ah+BIKviySvkQwQwKKNevOmBivPv5LOebCzyomNL2LEo='\n                class='apbct-email-encoder'\n                title='This contact has been encoded by Anti-Spam by CleanTalk. Click to decode. To finish the decoding make sure that JavaScript is enabled in your browser.'>en<span class=\"apbct-blur\">**<\/span>@<span class=\"apbct-blur\">*******<\/span>ch.com<\/span><\/a><\/p>\n<p>Este documento se actualiz\u00f3 por \u00faltima vez el 9 de abril de 2025<\/p>","protected":false},"excerpt":{"rendered":"<p>Cookie policy This cookie policy (\u201cPolicy\u201d) describes what cookies are and how they\u2019re being used by the dewintech.com website (\u201cWebsite\u201d or \u201cService\u201d) and any of its related products and services (collectively, \u201cServices\u201d). This Policy is a legally binding agreement between you (\u201cUser\u201d, \u201cyou\u201d or \u201cyour\u201d) and Dewin Technology Pte. Ltd. (doing business as \u201cDEWIN\u201d, \u201cwe\u201d, [&hellip;]<\/p>\n","protected":false},"author":1,"featured_media":0,"parent":0,"menu_order":0,"comment_status":"closed","ping_status":"closed","template":"","meta":{"footnotes":""},"class_list":["post-4846","page","type-page","status-publish","hentry"],"yoast_head":"<!-- This site is optimized with the Yoast SEO Premium plugin v27.0 (Yoast SEO v27.3) - https:\/\/yoast.com\/product\/yoast-seo-premium-wordpress\/ -->\n<title>Cookie Policy - Dewin - Help You Make Custom Parts &amp; Assembilies in Vietnam &amp; China<\/title>\n<meta name=\"robots\" content=\"index, follow, max-snippet:-1, max-image-preview:large, max-video-preview:-1\" \/>\n<link rel=\"canonical\" href=\"https:\/\/dewintech.com\/es\/politica-de-cookies\/\" \/>\n<meta property=\"og:locale\" content=\"es_MX\" \/>\n<meta property=\"og:type\" content=\"article\" \/>\n<meta property=\"og:title\" content=\"Cookie Policy\" \/>\n<meta property=\"og:description\" content=\"Cookie policy This cookie policy (\u201cPolicy\u201d) describes what cookies are and how they\u2019re being used by the dewintech.com website (\u201cWebsite\u201d or \u201cService\u201d) and any of its related products and services (collectively, \u201cServices\u201d). This Policy is a legally binding agreement between you (\u201cUser\u201d, \u201cyou\u201d or \u201cyour\u201d) and Dewin Technology Pte. Ltd. (doing business as \u201cDEWIN\u201d, \u201cwe\u201d, [&hellip;]\" \/>\n<meta property=\"og:url\" content=\"https:\/\/dewintech.com\/es\/politica-de-cookies\/\" \/>\n<meta property=\"og:site_name\" content=\"Dewin - Help You Make Custom Parts &amp; Assembilies in Vietnam &amp; China\" \/>\n<meta property=\"article:modified_time\" content=\"2025-07-16T09:46:51+00:00\" \/>\n<meta name=\"twitter:card\" content=\"summary_large_image\" \/>\n<meta name=\"twitter:label1\" content=\"Tiempo de lectura\" \/>\n\t<meta name=\"twitter:data1\" content=\"4 minutos\" \/>\n<!-- \/ Yoast SEO Premium plugin. -->","yoast_head_json":{"title":"Cookie Policy - Dewin - Help You Make Custom Parts &amp; Assembilies in Vietnam &amp; China","robots":{"index":"index","follow":"follow","max-snippet":"max-snippet:-1","max-image-preview":"max-image-preview:large","max-video-preview":"max-video-preview:-1"},"canonical":"https:\/\/dewintech.com\/es\/politica-de-cookies\/","og_locale":"es_MX","og_type":"article","og_title":"Cookie Policy","og_description":"Cookie policy This cookie policy (\u201cPolicy\u201d) describes what cookies are and how they\u2019re being used by the dewintech.com website (\u201cWebsite\u201d or \u201cService\u201d) and any of its related products and services (collectively, \u201cServices\u201d). This Policy is a legally binding agreement between you (\u201cUser\u201d, \u201cyou\u201d or \u201cyour\u201d) and Dewin Technology Pte. Ltd. (doing business as \u201cDEWIN\u201d, \u201cwe\u201d, [&hellip;]","og_url":"https:\/\/dewintech.com\/es\/politica-de-cookies\/","og_site_name":"Dewin - Help You Make Custom Parts &amp; Assembilies in Vietnam &amp; China","article_modified_time":"2025-07-16T09:46:51+00:00","twitter_card":"summary_large_image","twitter_misc":{"Tiempo de lectura":"4 minutos"},"schema":{"@context":"https:\/\/schema.org","@graph":[{"@type":"WebPage","@id":"https:\/\/dewintech.com\/cookie-policy\/","url":"https:\/\/dewintech.com\/cookie-policy\/","name":"Cookie Policy - Dewin - Help You Make Custom Parts &amp; Assembilies in Vietnam &amp; China","isPartOf":{"@id":"https:\/\/dewintech.com\/#website"},"datePublished":"2025-04-09T04:08:22+00:00","dateModified":"2025-07-16T09:46:51+00:00","breadcrumb":{"@id":"https:\/\/dewintech.com\/cookie-policy\/#breadcrumb"},"inLanguage":"es","potentialAction":[{"@type":"ReadAction","target":["https:\/\/dewintech.com\/cookie-policy\/"]}]},{"@type":"BreadcrumbList","@id":"https:\/\/dewintech.com\/cookie-policy\/#breadcrumb","itemListElement":[{"@type":"ListItem","position":1,"name":"Home","item":"https:\/\/dewintech.com\/"},{"@type":"ListItem","position":2,"name":"Cookie Policy"}]},{"@type":"WebSite","@id":"https:\/\/dewintech.com\/#website","url":"https:\/\/dewintech.com\/","name":"Dewin - Te Ayudamos a Fabricar Piezas Personalizadas en Vietnam y China","description":"Especializados en componentes met\u00e1licos y pl\u00e1sticos para aplicaciones industriales y de consumo \u2014 desde la b\u00fasqueda de proveedores hasta la fabricaci\u00f3n, el control de calidad y la entrega global.","publisher":{"@id":"https:\/\/dewintech.com\/#organization"},"potentialAction":[{"@type":"SearchAction","target":{"@type":"EntryPoint","urlTemplate":"https:\/\/dewintech.com\/?s={search_term_string}"},"query-input":{"@type":"PropertyValueSpecification","valueRequired":true,"valueName":"search_term_string"}}],"inLanguage":"es"},{"@type":"Organization","@id":"https:\/\/dewintech.com\/#organization","name":"Dewin","url":"https:\/\/dewintech.com\/","logo":{"@type":"ImageObject","inLanguage":"es","@id":"https:\/\/dewintech.com\/#\/schema\/logo\/image\/","url":"https:\/\/dewintech.com\/wp-content\/uploads\/2021\/06\/DEWIN-\u4f4d\u56fe-JPEG-\u5927.jpg","contentUrl":"https:\/\/dewintech.com\/wp-content\/uploads\/2021\/06\/DEWIN-\u4f4d\u56fe-JPEG-\u5927.jpg","width":1099,"height":475,"caption":"Dewin"},"image":{"@id":"https:\/\/dewintech.com\/#\/schema\/logo\/image\/"}}]}},"_hostinger_reach_plugin_has_subscription_block":false,"_hostinger_reach_plugin_is_elementor":false,"_links":{"self":[{"href":"https:\/\/dewintech.com\/es\/wp-json\/wp\/v2\/pages\/4846","targetHints":{"allow":["GET"]}}],"collection":[{"href":"https:\/\/dewintech.com\/es\/wp-json\/wp\/v2\/pages"}],"about":[{"href":"https:\/\/dewintech.com\/es\/wp-json\/wp\/v2\/types\/page"}],"author":[{"embeddable":true,"href":"https:\/\/dewintech.com\/es\/wp-json\/wp\/v2\/users\/1"}],"replies":[{"embeddable":true,"href":"https:\/\/dewintech.com\/es\/wp-json\/wp\/v2\/comments?post=4846"}],"version-history":[{"count":0,"href":"https:\/\/dewintech.com\/es\/wp-json\/wp\/v2\/pages\/4846\/revisions"}],"wp:attachment":[{"href":"https:\/\/dewintech.com\/es\/wp-json\/wp\/v2\/media?parent=4846"}],"curies":[{"name":"wp","href":"https:\/\/api.w.org\/{rel}","templated":true}]}}