{"id":258,"date":"2021-01-05T22:51:23","date_gmt":"2021-01-05T14:51:23","guid":{"rendered":"https:\/\/dewintech.com\/product\/import-placeholder-for-48\/"},"modified":"2021-03-15T20:12:05","modified_gmt":"2021-03-15T12:12:05","slug":"pulvermetallurgie","status":"publish","type":"product","link":"https:\/\/dewintech.com\/de\/product\/powder-metallurgy\/","title":{"rendered":"Pulvermetallurgie"},"content":{"rendered":"<p class=\"ql-align-left ql-long-4799810\" align=\"left\"><span class=\"ql-author-4799810\">Bewegen Sie sich mit den Blackweb Wireless Earbuds. <\/span><\/p>\n<p class=\"ql-align-left ql-long-4799810\" align=\"left\"><span class=\"ql-author-4799810\">Herk\u00f6mmliche Kopfh\u00f6rer verf\u00fcgen \u00fcber Kabel und sperrige Ohrst\u00f6psel, die sich verheddern oder herausrutschen k\u00f6nnen, was Ihren Stil einschr\u00e4nkt und Ihr Tempo verlangsamt. <\/span><\/p>\n<p class=\"ql-align-left ql-long-4799810\" align=\"left\"><span class=\"ql-author-4799810\">Die Blackweb Bluetooth-Ohrh\u00f6rer verlangsamen Sie nicht mit einem kabellosen, leichten Design mit Ohrst\u00f6pseln, die leicht im Ohr sitzen, mit weichen Silikonkappen f\u00fcr \u00fcberragenden Komfort. <\/span><\/p>\n<p class=\"ql-align-left ql-long-4799810\" align=\"left\"><span class=\"ql-author-4799810\">Die Ohrst\u00f6psel verf\u00fcgen \u00fcber einen \u00dcber-dem-Ohr-Haken, der verhindert, dass sie herausrutschen, sodass Sie laufen, joggen, gehen oder sogar auf und ab gehen k\u00f6nnen, ohne dass sie verrutschen. <\/span><\/p>\n<p class=\"ql-align-left ql-long-4799810\" align=\"left\"><span class=\"ql-author-4799810\">Die leichten kabellosen Ohrh\u00f6rer liefern dreieinhalb Stunden kristallklare Leistung, w\u00e4hrend Sie Ihren Tag gestalten, und nutzen die Leistung der Bluetooth-Technologie, um die Klangqualit\u00e4t zu liefern, die Ihre Musik, Podcasts und Gespr\u00e4che erfordern. <\/span><\/p>\n<p class=\"ql-align-left ql-long-4799810\" align=\"left\"><span class=\"ql-author-4799810\">Das kompakte Design passt problemlos in die mitgelieferte Ladeh\u00fclle; die H\u00fclle l\u00e4dt die Ohrh\u00f6rer in nur zwei Stunden vollst\u00e4ndig auf. <\/span><\/p>\n<p class=\"ql-align-left ql-long-4799810\" align=\"left\"><span class=\"ql-author-4799810\">Sie sind mit den meisten Smartphones, MP3-Playern und Tablets kompatibel, darunter Apple, Samsung, Google und andere wichtige Marken.<\/span><strong class=\"ql-author-4799810\">Blackweb True Wireless Bluetooth-Ohrh\u00f6rer:<\/strong><\/p>\n<ul>\n<li class=\"\"><span class=\"ql-author-4799810\">Kabellose Ohrh\u00f6rer gehen \u00fcberall hin, wo sie gebraucht werden, ohne sperrige, verhedderungsanf\u00e4llige Kabel<\/span><\/li>\n<li class=\"\"><span class=\"ql-author-4799810\">Ideal f\u00fcr das Training und die freih\u00e4ndige Nutzung von Telefonen<\/span><\/li>\n<li class=\"\"><span class=\"ql-author-4799810\">Leichtes Design mit einem \u00fcber dem Ohr liegenden Haken f\u00fcr ganzt\u00e4gigen Komfort und Stabilit\u00e4t<\/span><\/li>\n<li class=\"\"><span class=\"ql-author-4799810\">Blackweb Bluetooth-Ohrh\u00f6rer bieten 3,5 Stunden kristallklare Leistung<\/span><\/li>\n<li class=\"\"><span class=\"ql-author-4799810\">Kompatibel mit Smartphones und anderen Ger\u00e4ten von Apple, Google, Huawei, Samsung und mehr<\/span><\/li>\n<li class=\"\"><span class=\"ql-author-4799810\">Enth\u00e4lt eine kompakte Ladeh\u00fclle, die die Ohrh\u00f6rer in 2 Stunden vollst\u00e4ndig aufl\u00e4dt<\/span><\/li>\n<li class=\"\"><span class=\"ql-author-4799810\">Entwickelt mit weichen Silikonkappen f\u00fcr vielseitigen Komfort<\/span><\/li>\n<li class=\"\"><span class=\"ql-author-4799810\">Modellnummer: BWD19AAH06<\/span><\/li>\n<li class=\"\"><span class=\"ql-author-4799810\">Erh\u00e4ltlich in den Farben Schwarz und Ros\u00e9gold, passend zu Ihrem Stil<\/span><\/li>\n<\/ul>","protected":false},"excerpt":{"rendered":"<p>Hergestellt aus Pulvermetall, Eisen- oder Kupferbasis, durch Werkzeugformen und H\u00e4rten im Ofen geformt, mit einer Effizienz von 10.000 St\u00fcck pro Tag, bietet eine \u00e4hnliche Leistung wie Gussteile und bearbeitete Teile, aber zu deutlich wettbewerbsf\u00e4higeren Kosten mit einer Reduzierung von bis zu 70%.<\/p>","protected":false},"featured_media":661,"comment_status":"closed","ping_status":"closed","template":"","meta":[],"product_brand":[],"product_cat":[18],"product_tag":[],"class_list":{"0":"post-258","1":"product","2":"type-product","3":"status-publish","4":"has-post-thumbnail","6":"product_cat-uncategorized","8":"first","9":"instock","10":"shipping-taxable","11":"product-type-simple"},"yoast_head":"<!-- This site is optimized with the Yoast SEO Premium plugin v27.0 (Yoast SEO v27.5) - https:\/\/yoast.com\/product\/yoast-seo-premium-wordpress\/ -->\n<title>Powder Metallurgy - Dewin - Help You Make Custom Parts &amp; Assembilies in Vietnam &amp; China<\/title>\n<meta name=\"robots\" content=\"index, follow, max-snippet:-1, max-image-preview:large, max-video-preview:-1\" \/>\n<link rel=\"canonical\" href=\"https:\/\/dewintech.com\/de\/product\/pulvermetallurgie\/\" \/>\n<meta property=\"og:locale\" content=\"de_DE\" \/>\n<meta property=\"og:type\" content=\"article\" \/>\n<meta property=\"og:title\" content=\"Powder Metallurgy\" \/>\n<meta property=\"og:description\" content=\"Made by powder metal, iron or copper based, formed by tooling, and harden in the furnace, with an efficiency of 10k pieces per day, provides a similar performance with casting and machining parts but much competitive cost up to 70% reduction\" \/>\n<meta property=\"og:url\" content=\"https:\/\/dewintech.com\/de\/product\/pulvermetallurgie\/\" \/>\n<meta property=\"og:site_name\" content=\"Dewin - Help You Make Custom Parts &amp; Assembilies in Vietnam &amp; China\" \/>\n<meta property=\"article:modified_time\" content=\"2021-03-15T12:12:05+00:00\" \/>\n<meta property=\"og:image\" content=\"https:\/\/dewintech.com\/wp-content\/uploads\/2021\/01\/sintered-parts.jpg\" \/>\n\t<meta property=\"og:image:width\" content=\"800\" \/>\n\t<meta property=\"og:image:height\" content=\"528\" \/>\n\t<meta property=\"og:image:type\" content=\"image\/jpeg\" \/>\n<meta name=\"twitter:card\" content=\"summary_large_image\" \/>\n<meta name=\"twitter:label1\" content=\"Gesch\u00e4tzte Lesezeit\" \/>\n\t<meta name=\"twitter:data1\" content=\"1\u00a0Minute\" \/>\n<!-- \/ Yoast SEO Premium plugin. -->","yoast_head_json":{"title":"Powder Metallurgy - Dewin - Help You Make Custom Parts &amp; Assembilies in Vietnam &amp; China","robots":{"index":"index","follow":"follow","max-snippet":"max-snippet:-1","max-image-preview":"max-image-preview:large","max-video-preview":"max-video-preview:-1"},"canonical":"https:\/\/dewintech.com\/de\/product\/pulvermetallurgie\/","og_locale":"de_DE","og_type":"article","og_title":"Powder Metallurgy","og_description":"Made by powder metal, iron or copper based, formed by tooling, and harden in the furnace, with an efficiency of 10k pieces per day, provides a similar performance with casting and machining parts but much competitive cost up to 70% reduction","og_url":"https:\/\/dewintech.com\/de\/product\/pulvermetallurgie\/","og_site_name":"Dewin - Help You Make Custom Parts &amp; Assembilies in Vietnam &amp; China","article_modified_time":"2021-03-15T12:12:05+00:00","og_image":[{"width":800,"height":528,"url":"https:\/\/dewintech.com\/wp-content\/uploads\/2021\/01\/sintered-parts.jpg","type":"image\/jpeg"}],"twitter_card":"summary_large_image","twitter_misc":{"Gesch\u00e4tzte Lesezeit":"1\u00a0Minute"},"schema":{"@context":"https:\/\/schema.org","@graph":[{"@type":"WebPage","@id":"https:\/\/dewintech.com\/product\/powder-metallurgy\/","url":"https:\/\/dewintech.com\/product\/powder-metallurgy\/","name":"Powder Metallurgy - Dewin - Help You Make Custom Parts &amp; Assembilies in Vietnam &amp; China","isPartOf":{"@id":"https:\/\/dewintech.com\/#website"},"primaryImageOfPage":{"@id":"https:\/\/dewintech.com\/product\/powder-metallurgy\/#primaryimage"},"image":{"@id":"https:\/\/dewintech.com\/product\/powder-metallurgy\/#primaryimage"},"thumbnailUrl":"https:\/\/dewintech.com\/wp-content\/uploads\/2021\/01\/sintered-parts.jpg","datePublished":"2021-01-05T14:51:23+00:00","dateModified":"2021-03-15T12:12:05+00:00","breadcrumb":{"@id":"https:\/\/dewintech.com\/product\/powder-metallurgy\/#breadcrumb"},"inLanguage":"de","potentialAction":[{"@type":"ReadAction","target":["https:\/\/dewintech.com\/product\/powder-metallurgy\/"]}]},{"@type":"ImageObject","inLanguage":"de","@id":"https:\/\/dewintech.com\/product\/powder-metallurgy\/#primaryimage","url":"https:\/\/dewintech.com\/wp-content\/uploads\/2021\/01\/sintered-parts.jpg","contentUrl":"https:\/\/dewintech.com\/wp-content\/uploads\/2021\/01\/sintered-parts.jpg","width":800,"height":528},{"@type":"BreadcrumbList","@id":"https:\/\/dewintech.com\/product\/powder-metallurgy\/#breadcrumb","itemListElement":[{"@type":"ListItem","position":1,"name":"Home","item":"https:\/\/dewintech.com\/"},{"@type":"ListItem","position":2,"name":"Product","item":"https:\/\/dewintech.com\/product\/"},{"@type":"ListItem","position":3,"name":"Uncategorized","item":"https:\/\/dewintech.com\/product-category\/uncategorized\/"},{"@type":"ListItem","position":4,"name":"Powder Metallurgy"}]},{"@type":"WebSite","@id":"https:\/\/dewintech.com\/#website","url":"https:\/\/dewintech.com\/","name":"Dewin - Helfen Sie uns, kundenspezifische Teile in Vietnam und China herzustellen","description":"Spezialisiert auf Metall- und Kunststoffkomponenten f\u00fcr industrielle und private Anwendungen \u2013 von der Lieferantenauswahl \u00fcber die Fertigung, Qualit\u00e4tskontrolle bis hin zur globalen Lieferung.","publisher":{"@id":"https:\/\/dewintech.com\/#organization"},"potentialAction":[{"@type":"SearchAction","target":{"@type":"EntryPoint","urlTemplate":"https:\/\/dewintech.com\/?s={search_term_string}"},"query-input":{"@type":"PropertyValueSpecification","valueRequired":true,"valueName":"search_term_string"}}],"inLanguage":"de"},{"@type":"Organization","@id":"https:\/\/dewintech.com\/#organization","name":"Dewin","url":"https:\/\/dewintech.com\/","logo":{"@type":"ImageObject","inLanguage":"de","@id":"https:\/\/dewintech.com\/#\/schema\/logo\/image\/","url":"https:\/\/dewintech.com\/wp-content\/uploads\/2021\/06\/DEWIN-\u4f4d\u56fe-JPEG-\u5927.jpg","contentUrl":"https:\/\/dewintech.com\/wp-content\/uploads\/2021\/06\/DEWIN-\u4f4d\u56fe-JPEG-\u5927.jpg","width":1099,"height":475,"caption":"Dewin"},"image":{"@id":"https:\/\/dewintech.com\/#\/schema\/logo\/image\/"}}]}},"_links":{"self":[{"href":"https:\/\/dewintech.com\/de\/wp-json\/wp\/v2\/product\/258","targetHints":{"allow":["GET"]}}],"collection":[{"href":"https:\/\/dewintech.com\/de\/wp-json\/wp\/v2\/product"}],"about":[{"href":"https:\/\/dewintech.com\/de\/wp-json\/wp\/v2\/types\/product"}],"replies":[{"embeddable":true,"href":"https:\/\/dewintech.com\/de\/wp-json\/wp\/v2\/comments?post=258"}],"wp:featuredmedia":[{"embeddable":true,"href":"https:\/\/dewintech.com\/de\/wp-json\/wp\/v2\/media\/661"}],"wp:attachment":[{"href":"https:\/\/dewintech.com\/de\/wp-json\/wp\/v2\/media?parent=258"}],"wp:term":[{"taxonomy":"product_brand","embeddable":true,"href":"https:\/\/dewintech.com\/de\/wp-json\/wp\/v2\/product_brand?post=258"},{"taxonomy":"product_cat","embeddable":true,"href":"https:\/\/dewintech.com\/de\/wp-json\/wp\/v2\/product_cat?post=258"},{"taxonomy":"product_tag","embeddable":true,"href":"https:\/\/dewintech.com\/de\/wp-json\/wp\/v2\/product_tag?post=258"}],"curies":[{"name":"wp","href":"https:\/\/api.w.org\/{rel}","templated":true}]}}