{"id":4846,"date":"2025-04-09T12:08:22","date_gmt":"2025-04-09T04:08:22","guid":{"rendered":"https:\/\/dewintech.com\/?page_id=4846"},"modified":"2025-07-16T17:46:51","modified_gmt":"2025-07-16T09:46:51","slug":"cookie-richtlinie","status":"publish","type":"page","link":"https:\/\/dewintech.com\/de\/cookie-policy\/","title":{"rendered":"Cookie-Richtlinie"},"content":{"rendered":"<h1>Cookie-Richtlinie<\/h1>\n<p>Diese Cookie-Richtlinie (\u201cRichtlinie\u201d) beschreibt, was Cookies sind und wie sie von der <a href=\"https:\/\/dewintech.com\/de\/\">dewintech.com<\/a> Website (\u201cWebsite\u201d oder \u201cDienst\u201d) und allen damit verbundenen Produkten und Dienstleistungen (zusammenfassend \u201cDienste\u201d) verwendet werden. Diese Richtlinie ist eine rechtsverbindliche Vereinbarung zwischen Ihnen (\u201cNutzer\u201d, \u201cSie\u201d oder \u201cIhr\u201d) und Dewin Technology Pte. Ltd. (handelnd als \u201cDEWIN\u201d, \u201cwir\u201d, \u201cuns\u201d oder \u201cunser\u201d). Wenn Sie diese Richtlinie im Namen eines Unternehmens oder einer anderen juristischen Person abschlie\u00dfen, erkl\u00e4ren Sie, dass Sie befugt sind, diese juristische Person an diese Richtlinie zu binden, in welchem Fall sich die Begriffe \u201cNutzer\u201d, \u201cSie\u201d oder \u201cIhr\u201d auf diese juristische Person beziehen. Wenn Sie nicht \u00fcber eine solche Befugnis verf\u00fcgen oder mit den Bedingungen dieser Richtlinie nicht einverstanden sind, d\u00fcrfen Sie diese Richtlinie nicht akzeptieren und nicht auf die Website und die Dienste zugreifen und diese nutzen. Sie sollten diese Richtlinie lesen, um die Arten von Cookies, die wir verwenden, die Informationen, die wir mit Cookies sammeln, und wie diese Informationen verwendet werden, zu verstehen. Sie beschreibt auch die Ihnen zur Verf\u00fcgung stehenden Optionen bez\u00fcglich der Annahme oder Ablehnung der Verwendung von Cookies. Weitere Informationen dar\u00fcber, wie wir Ihre pers\u00f6nlichen Daten verwenden, speichern und sicher aufbewahren, finden Sie in unserer <a href=\"https:\/\/dewintech.com\/de\/datenschutzrichtlinie\/\">Datenschutzrichtlinie<\/a>.<\/p>\n<div class=\"index\">\n<h3>Inhaltsverzeichnis<\/h3>\n<ol class=\"index\">\n<li><a href=\"#what-are-cookies\">Was sind Cookies?<\/a><\/li>\n<li><a href=\"#what-type-of-cookies-do-we-use\">Welche Art von Cookies verwenden wir?<\/a><\/li>\n<li><a href=\"#what-are-your-cookie-options\">Welche Cookie-Optionen haben Sie?<\/a><\/li>\n<li><a href=\"#changes-and-amendments\">\u00c4nderungen und Erg\u00e4nzungen<\/a><\/li>\n<li><a href=\"#acceptance-of-this-policy\">Annahme dieser Richtlinie<\/a><\/li>\n<li><a href=\"#contacting-us\">Kontaktieren Sie uns<\/a><\/li>\n<\/ol>\n<\/div>\n<h2 id=\"what-are-cookies\">Was sind Cookies?<\/h2>\n<p>Cookies sind kleine Datenschnipsel, die in Textdateien gespeichert werden und auf Ihrem Computer oder anderen Ger\u00e4ten gespeichert werden, wenn Websites in einem Browser geladen werden. Sie werden h\u00e4ufig verwendet, um Sie und Ihre Pr\u00e4ferenzen zu speichern, entweder f\u00fcr einen einzelnen Besuch (durch ein \u201cSitzungs-Cookie\u201d) oder f\u00fcr mehrere wiederholte Besuche (mit einem \u201cdauerhaften Cookie\u201d).<\/p>\n<p>Sitzungs-Cookies sind tempor\u00e4re Cookies, die w\u00e4hrend Ihres Besuchs auf der Website verwendet werden und ablaufen, wenn Sie den Webbrowser schlie\u00dfen.<\/p>\n<p>Dauerhafte Cookies werden verwendet, um Ihre Pr\u00e4ferenzen auf unserer Website zu speichern und verbleiben auf Ihrem Desktop oder Mobilger\u00e4t, auch nachdem Sie Ihren Browser geschlossen oder Ihren Computer neu gestartet haben. Sie gew\u00e4hrleisten eine konsistente und effiziente Erfahrung f\u00fcr Sie w\u00e4hrend Ihres Besuchs auf der Website und den Diensten.<\/p>\n<p>Cookies k\u00f6nnen von der Website (\u201cFirst-Party-Cookies\u201d) oder von Dritten gesetzt werden, wie z. B. von solchen, die Inhalte bereitstellen oder Werbe- oder Analysedienste auf der Website anbieten (\u201cThird-Party-Cookies\u201d). Diese Dritten k\u00f6nnen Sie erkennen, wenn Sie unsere Website besuchen, und auch, wenn Sie bestimmte andere Websites besuchen.<\/p>\n<h2 id=\"what-type-of-cookies-do-we-use\">Welche Art von Cookies verwenden wir?<\/h2>\n<h3>Notwendige Cookies<\/h3>\n<p>Notwendige Cookies erm\u00f6glichen es uns, Ihnen das bestm\u00f6gliche Erlebnis beim Zugriff auf und Navigieren auf unserer Website sowie bei der Nutzung ihrer Funktionen zu bieten. Zum Beispiel erm\u00f6glichen uns diese Cookies zu erkennen, dass Sie ein Konto erstellt haben und sich in dieses Konto eingeloggt haben, um auf Inhalte zuzugreifen.<\/p>\n<h3>Funktionalit\u00e4ts-Cookies<\/h3>\n<p>Funktionalit\u00e4ts-Cookies erm\u00f6glichen es uns, die Website und die Dienste gem\u00e4\u00df Ihren Entscheidungen zu betreiben. Zum Beispiel erkennen wir Ihren Benutzernamen und merken uns, wie Sie die Website und die Dienste bei zuk\u00fcnftigen Besuchen angepasst haben.<\/p>\n<h2 id=\"what-are-your-cookie-options\">Welche Cookie-Optionen haben Sie?<\/h2>\n<p>Wenn Ihnen die Idee von Cookies oder bestimmten Arten von Cookies nicht gef\u00e4llt, k\u00f6nnen Sie die Einstellungen Ihres Browsers \u00e4ndern, um bereits gesetzte Cookies zu l\u00f6schen und keine neuen Cookies zu akzeptieren. Besuchen Sie <a href=\"https:\/\/www.internetcookies.com\" ref=\"nofollow noreferrer noopener external\">internetcookies.com<\/a> um mehr dar\u00fcber zu erfahren, wie Sie dies tun k\u00f6nnen.<\/p>\n<h2 id=\"changes-and-amendments\">\u00c4nderungen und Erg\u00e4nzungen<\/h2>\n<p>Wir behalten uns das Recht vor, diese Richtlinie oder ihre Bedingungen in Bezug auf die Website und die Dienste jederzeit nach eigenem Ermessen zu \u00e4ndern. Wenn wir dies tun, werden wir das aktualisierte Datum am Ende dieser Seite \u00fcberarbeiten. Wir k\u00f6nnen Sie nach eigenem Ermessen auch auf andere Weise benachrichtigen, z. B. \u00fcber die von Ihnen angegebenen Kontaktinformationen.<\/p>\n<p>Eine aktualisierte Version dieser Richtlinie wird mit der Ver\u00f6ffentlichung der \u00fcberarbeiteten Richtlinie sofort wirksam, sofern nicht anders angegeben. Ihre fortgesetzte Nutzung der Website und der Dienste nach dem Wirksamkeitsdatum der \u00fcberarbeiteten Richtlinie (oder einer anderen zu diesem Zeitpunkt angegebenen Handlung) gilt als Zustimmung zu diesen \u00c4nderungen.<\/p>\n<h2 id=\"acceptance-of-this-policy\">Annahme dieser Richtlinie<\/h2>\n<p>Sie erkennen an, dass Sie diese Richtlinie gelesen haben und allen ihren Bedingungen zustimmen. Durch den Zugriff auf und die Nutzung der Website und der Dienste erkl\u00e4ren Sie sich mit dieser Richtlinie einverstanden. Wenn Sie den Bedingungen dieser Richtlinie nicht zustimmen, sind Sie nicht berechtigt, auf die Website und die Dienste zuzugreifen oder diese zu nutzen. Diese Richtlinie wurde mit Hilfe des <a href=\"https:\/\/www.websitepolicies.com\/cookie-policy-generator\">Cookie-Richtlinien-Generators<\/a>.<\/p>\n<h2 id=\"contacting-us\">Kontaktieren Sie uns<\/h2>\n<p>Wenn Sie Fragen, Bedenken oder Beschwerden bez\u00fcglich dieser Richtlinie oder der Verwendung von Cookies haben, ermutigen wir Sie, uns unter den unten angegebenen Kontaktdaten zu kontaktieren:<\/p>\n<p><a href=\"mailto:in**@*******ch.com\" data-original-string=\"QTUhkFeUWxX2T+vHhC11jQ==55a5tYIVcqQ\/6adEIXOZuSfwjpkUQZl179oZ8g5LX\/W5NM=\" title=\"Dieser Kontakt wurde von Anti-Spam by CleanTalk verschl\u00fcsselt. Klicken Sie hier, um ihn zu entschl\u00fcsseln. Um die Entschl\u00fcsselung abzuschlie\u00dfen, stellen Sie sicher, dass JavaScript in Ihrem Browser aktiviert ist.\"><span \n                data-original-string='oSbgR5p3wo4PAUamTihRmA==55apHA7EFEJe2wB5lf+Qu\/uOW5AIlwSwiNRPjEB4SgqRdA='\n                class='apbct-email-encoder'\n                title='Dieser Kontakt wurde von Anti-Spam by CleanTalk verschl\u00fcsselt. Klicken Sie hier, um ihn zu entschl\u00fcsseln. Um die Entschl\u00fcsselung abzuschlie\u00dfen, stellen Sie sicher, dass JavaScript in Ihrem Browser aktiviert ist.'>in<span class=\"apbct-blur\">**<\/span>@<span class=\"apbct-blur\">*******<\/span>ch.com<\/span><\/a><\/p>\n<p>Dieses Dokument wurde zuletzt aktualisiert am 9. April 2025<\/p>","protected":false},"excerpt":{"rendered":"<p>Cookie policy This cookie policy (\u201cPolicy\u201d) describes what cookies are and how they\u2019re being used by the dewintech.com website (\u201cWebsite\u201d or \u201cService\u201d) and any of its related products and services (collectively, \u201cServices\u201d). This Policy is a legally binding agreement between you (\u201cUser\u201d, \u201cyou\u201d or \u201cyour\u201d) and Dewin Technology Pte. Ltd. (doing business as \u201cDEWIN\u201d, \u201cwe\u201d, [&hellip;]<\/p>\n","protected":false},"author":1,"featured_media":0,"parent":0,"menu_order":0,"comment_status":"closed","ping_status":"closed","template":"","meta":{"footnotes":""},"class_list":["post-4846","page","type-page","status-publish","hentry"],"yoast_head":"<!-- This site is optimized with the Yoast SEO Premium plugin v27.0 (Yoast SEO v27.3) - https:\/\/yoast.com\/product\/yoast-seo-premium-wordpress\/ -->\n<title>Cookie Policy - Dewin - Help You Make Custom Parts &amp; Assembilies in Vietnam &amp; China<\/title>\n<meta name=\"robots\" content=\"index, follow, max-snippet:-1, max-image-preview:large, max-video-preview:-1\" \/>\n<link rel=\"canonical\" href=\"https:\/\/dewintech.com\/de\/cookie-richtlinie\/\" \/>\n<meta property=\"og:locale\" content=\"de_DE\" \/>\n<meta property=\"og:type\" content=\"article\" \/>\n<meta property=\"og:title\" content=\"Cookie Policy\" \/>\n<meta property=\"og:description\" content=\"Cookie policy This cookie policy (\u201cPolicy\u201d) describes what cookies are and how they\u2019re being used by the dewintech.com website (\u201cWebsite\u201d or \u201cService\u201d) and any of its related products and services (collectively, \u201cServices\u201d). This Policy is a legally binding agreement between you (\u201cUser\u201d, \u201cyou\u201d or \u201cyour\u201d) and Dewin Technology Pte. Ltd. (doing business as \u201cDEWIN\u201d, \u201cwe\u201d, [&hellip;]\" \/>\n<meta property=\"og:url\" content=\"https:\/\/dewintech.com\/de\/cookie-richtlinie\/\" \/>\n<meta property=\"og:site_name\" content=\"Dewin - Help You Make Custom Parts &amp; Assembilies in Vietnam &amp; China\" \/>\n<meta property=\"article:modified_time\" content=\"2025-07-16T09:46:51+00:00\" \/>\n<meta name=\"twitter:card\" content=\"summary_large_image\" \/>\n<meta name=\"twitter:label1\" content=\"Gesch\u00e4tzte Lesezeit\" \/>\n\t<meta name=\"twitter:data1\" content=\"4\u00a0Minuten\" \/>\n<!-- \/ Yoast SEO Premium plugin. -->","yoast_head_json":{"title":"Cookie Policy - Dewin - Help You Make Custom Parts &amp; Assembilies in Vietnam &amp; China","robots":{"index":"index","follow":"follow","max-snippet":"max-snippet:-1","max-image-preview":"max-image-preview:large","max-video-preview":"max-video-preview:-1"},"canonical":"https:\/\/dewintech.com\/de\/cookie-richtlinie\/","og_locale":"de_DE","og_type":"article","og_title":"Cookie Policy","og_description":"Cookie policy This cookie policy (\u201cPolicy\u201d) describes what cookies are and how they\u2019re being used by the dewintech.com website (\u201cWebsite\u201d or \u201cService\u201d) and any of its related products and services (collectively, \u201cServices\u201d). This Policy is a legally binding agreement between you (\u201cUser\u201d, \u201cyou\u201d or \u201cyour\u201d) and Dewin Technology Pte. Ltd. (doing business as \u201cDEWIN\u201d, \u201cwe\u201d, [&hellip;]","og_url":"https:\/\/dewintech.com\/de\/cookie-richtlinie\/","og_site_name":"Dewin - Help You Make Custom Parts &amp; Assembilies in Vietnam &amp; China","article_modified_time":"2025-07-16T09:46:51+00:00","twitter_card":"summary_large_image","twitter_misc":{"Gesch\u00e4tzte Lesezeit":"4\u00a0Minuten"},"schema":{"@context":"https:\/\/schema.org","@graph":[{"@type":"WebPage","@id":"https:\/\/dewintech.com\/cookie-policy\/","url":"https:\/\/dewintech.com\/cookie-policy\/","name":"Cookie Policy - Dewin - Help You Make Custom Parts &amp; Assembilies in Vietnam &amp; China","isPartOf":{"@id":"https:\/\/dewintech.com\/#website"},"datePublished":"2025-04-09T04:08:22+00:00","dateModified":"2025-07-16T09:46:51+00:00","breadcrumb":{"@id":"https:\/\/dewintech.com\/cookie-policy\/#breadcrumb"},"inLanguage":"de","potentialAction":[{"@type":"ReadAction","target":["https:\/\/dewintech.com\/cookie-policy\/"]}]},{"@type":"BreadcrumbList","@id":"https:\/\/dewintech.com\/cookie-policy\/#breadcrumb","itemListElement":[{"@type":"ListItem","position":1,"name":"Home","item":"https:\/\/dewintech.com\/"},{"@type":"ListItem","position":2,"name":"Cookie Policy"}]},{"@type":"WebSite","@id":"https:\/\/dewintech.com\/#website","url":"https:\/\/dewintech.com\/","name":"Dewin - Helfen Sie uns, kundenspezifische Teile in Vietnam und China herzustellen","description":"Spezialisiert auf Metall- und Kunststoffkomponenten f\u00fcr industrielle und private Anwendungen \u2013 von der Lieferantenauswahl \u00fcber die Fertigung, Qualit\u00e4tskontrolle bis hin zur globalen Lieferung.","publisher":{"@id":"https:\/\/dewintech.com\/#organization"},"potentialAction":[{"@type":"SearchAction","target":{"@type":"EntryPoint","urlTemplate":"https:\/\/dewintech.com\/?s={search_term_string}"},"query-input":{"@type":"PropertyValueSpecification","valueRequired":true,"valueName":"search_term_string"}}],"inLanguage":"de"},{"@type":"Organization","@id":"https:\/\/dewintech.com\/#organization","name":"Dewin","url":"https:\/\/dewintech.com\/","logo":{"@type":"ImageObject","inLanguage":"de","@id":"https:\/\/dewintech.com\/#\/schema\/logo\/image\/","url":"https:\/\/dewintech.com\/wp-content\/uploads\/2021\/06\/DEWIN-\u4f4d\u56fe-JPEG-\u5927.jpg","contentUrl":"https:\/\/dewintech.com\/wp-content\/uploads\/2021\/06\/DEWIN-\u4f4d\u56fe-JPEG-\u5927.jpg","width":1099,"height":475,"caption":"Dewin"},"image":{"@id":"https:\/\/dewintech.com\/#\/schema\/logo\/image\/"}}]}},"_hostinger_reach_plugin_has_subscription_block":false,"_hostinger_reach_plugin_is_elementor":false,"_links":{"self":[{"href":"https:\/\/dewintech.com\/de\/wp-json\/wp\/v2\/pages\/4846","targetHints":{"allow":["GET"]}}],"collection":[{"href":"https:\/\/dewintech.com\/de\/wp-json\/wp\/v2\/pages"}],"about":[{"href":"https:\/\/dewintech.com\/de\/wp-json\/wp\/v2\/types\/page"}],"author":[{"embeddable":true,"href":"https:\/\/dewintech.com\/de\/wp-json\/wp\/v2\/users\/1"}],"replies":[{"embeddable":true,"href":"https:\/\/dewintech.com\/de\/wp-json\/wp\/v2\/comments?post=4846"}],"version-history":[{"count":0,"href":"https:\/\/dewintech.com\/de\/wp-json\/wp\/v2\/pages\/4846\/revisions"}],"wp:attachment":[{"href":"https:\/\/dewintech.com\/de\/wp-json\/wp\/v2\/media?parent=4846"}],"curies":[{"name":"wp","href":"https:\/\/api.w.org\/{rel}","templated":true}]}}